{"id":69,"date":"2022-09-07T14:17:03","date_gmt":"2022-09-07T18:17:03","guid":{"rendered":"https:\/\/reseaudialogue.ca\/?page_id=69"},"modified":"2024-12-19T14:54:23","modified_gmt":"2024-12-19T19:54:23","slug":"don-fondation-dialogue-communaute","status":"publish","type":"page","link":"https:\/\/reseaudialogue.ca\/en\/don-fondation-dialogue-communaute","title":{"rendered":"Donation"},"content":{"rendered":"\t\t<div data-elementor-type=\"wp-page\" data-elementor-id=\"69\" class=\"elementor elementor-69\" data-elementor-post-type=\"page\">\n\t\t\t\t\t\t<section class=\"elementor-section elementor-top-section elementor-element elementor-element-9d94d2c elementor-section-height-min-height elementor-section-items-top elementor-section-boxed elementor-section-height-default\" data-id=\"9d94d2c\" data-element_type=\"section\" data-e-type=\"section\">\n\t\t\t\t\t\t<div class=\"elementor-container elementor-column-gap-default\">\n\t\t\t\t\t<div class=\"elementor-column elementor-col-100 elementor-top-column elementor-element elementor-element-7f73b24\" data-id=\"7f73b24\" data-element_type=\"column\" data-e-type=\"column\">\n\t\t\t<div class=\"elementor-widget-wrap elementor-element-populated\">\n\t\t\t\t\t\t<div class=\"elementor-element elementor-element-d4cc4b1 elementor-invisible elementor-widget elementor-widget-heading\" data-id=\"d4cc4b1\" data-element_type=\"widget\" data-e-type=\"widget\" data-settings=\"{&quot;_animation&quot;:&quot;fadeInDown&quot;}\" data-widget_type=\"heading.default\">\n\t\t\t\t<div class=\"elementor-widget-container\">\n\t\t\t\t\t<h2 class=\"elementor-heading-title elementor-size-default\">Pourquoi faire un don<br> au R\u00e9seau dialogue ?<\/h2>\t\t\t\t<\/div>\n\t\t\t\t<\/div>\n\t\t\t\t<div class=\"elementor-element elementor-element-e0efb5f elementor-widget elementor-widget-text-editor\" data-id=\"e0efb5f\" data-element_type=\"widget\" data-e-type=\"widget\" data-widget_type=\"text-editor.default\">\n\t\t\t\t<div class=\"elementor-widget-container\">\n\t\t\t\t\t\t\t\t\t<p><span data-contrast=\"none\">En tant qu\u2019organisme de bienfaisance, nous croyons fortement aux valeurs de collaboration, de dialogue, de rapprochement et de diversit\u00e9.<\/span><span data-ccp-props=\"{&quot;201341983&quot;:0,&quot;335551550&quot;:1,&quot;335551620&quot;:1,&quot;335559740&quot;:360}\">\u00a0<\/span><\/p>\t\t\t\t\t\t\t\t<\/div>\n\t\t\t\t<\/div>\n\t\t\t\t<section class=\"elementor-section elementor-inner-section elementor-element elementor-element-7808341 elementor-section-boxed elementor-section-height-default elementor-section-height-default\" data-id=\"7808341\" data-element_type=\"section\" data-e-type=\"section\">\n\t\t\t\t\t\t<div class=\"elementor-container elementor-column-gap-default\">\n\t\t\t\t\t<div class=\"elementor-column elementor-col-100 elementor-inner-column elementor-element elementor-element-146e812\" data-id=\"146e812\" data-element_type=\"column\" data-e-type=\"column\">\n\t\t\t<div class=\"elementor-widget-wrap elementor-element-populated\">\n\t\t\t\t\t\t<div class=\"elementor-element elementor-element-3f3986e elementor-align-center elementor-invisible elementor-widget elementor-widget-button\" data-id=\"3f3986e\" data-element_type=\"widget\" data-e-type=\"widget\" data-settings=\"{&quot;_animation&quot;:&quot;bounceIn&quot;}\" data-widget_type=\"button.default\">\n\t\t\t\t<div class=\"elementor-widget-container\">\n\t\t\t\t\t\t\t\t\t<div class=\"elementor-button-wrapper\">\n\t\t\t\t\t<a class=\"elementor-button elementor-button-link elementor-size-xl elementor-animation-shrink\" href=\"https:\/\/www.canadahelps.org\/fr\/organismesdebienfaisance\/fondationDialogue\/\" target=\"_blank\">\n\t\t\t\t\t\t<span class=\"elementor-button-content-wrapper\">\n\t\t\t\t\t\t<span class=\"elementor-button-icon\">\n\t\t\t\t<i aria-hidden=\"true\" class=\"fas fa-chevron-right\"><\/i>\t\t\t<\/span>\n\t\t\t\t\t\t\t\t\t<span class=\"elementor-button-text\">Je donne via CanaDon<\/span>\n\t\t\t\t\t<\/span>\n\t\t\t\t\t<\/a>\n\t\t\t\t<\/div>\n\t\t\t\t\t\t\t\t<\/div>\n\t\t\t\t<\/div>\n\t\t\t\t\t<\/div>\n\t\t<\/div>\n\t\t\t\t\t<\/div>\n\t\t<\/section>\n\t\t\t\t\t<\/div>\n\t\t<\/div>\n\t\t\t\t\t<\/div>\n\t\t<\/section>\n\t\t\t\t<section class=\"elementor-section elementor-top-section elementor-element elementor-element-e6e5812 elementor-section-boxed elementor-section-height-default elementor-section-height-default\" data-id=\"e6e5812\" data-element_type=\"section\" data-e-type=\"section\">\n\t\t\t\t\t\t<div class=\"elementor-container elementor-column-gap-default\">\n\t\t\t\t\t<div class=\"elementor-column elementor-col-50 elementor-top-column elementor-element elementor-element-6de7677\" data-id=\"6de7677\" data-element_type=\"column\" data-e-type=\"column\" data-settings=\"{&quot;background_background&quot;:&quot;classic&quot;,&quot;motion_fx_motion_fx_scrolling&quot;:&quot;yes&quot;,&quot;motion_fx_devices&quot;:[&quot;widescreen&quot;,&quot;desktop&quot;,&quot;laptop&quot;,&quot;tablet_extra&quot;,&quot;tablet&quot;,&quot;mobile_extra&quot;,&quot;mobile&quot;]}\">\n\t\t\t<div class=\"elementor-widget-wrap elementor-element-populated\">\n\t\t\t\t\t\t<div class=\"elementor-element elementor-element-0944d4a elementor-view-default elementor-invisible elementor-widget elementor-widget-icon\" data-id=\"0944d4a\" data-element_type=\"widget\" data-e-type=\"widget\" data-settings=\"{&quot;_animation&quot;:&quot;slideInDown&quot;}\" data-widget_type=\"icon.default\">\n\t\t\t\t<div class=\"elementor-widget-container\">\n\t\t\t\t\t\t\t<div class=\"elementor-icon-wrapper\">\n\t\t\t<div class=\"elementor-icon\">\n\t\t\t<i aria-hidden=\"true\" class=\"fas fa-piggy-bank\"><\/i>\t\t\t<\/div>\n\t\t<\/div>\n\t\t\t\t\t\t<\/div>\n\t\t\t\t<\/div>\n\t\t\t\t<div class=\"elementor-element elementor-element-756324e elementor-widget elementor-widget-text-editor\" data-id=\"756324e\" data-element_type=\"widget\" data-e-type=\"widget\" data-widget_type=\"text-editor.default\">\n\t\t\t\t<div class=\"elementor-widget-container\">\n\t\t\t\t\t\t\t\t\t<p><span class=\"TextRun SCXW112268918 BCX9\" lang=\"FR\" xml:lang=\"FR\" data-contrast=\"none\"><span class=\"NormalTextRun SCXW112268918 BCX9\">\u00c0 travers vos g\u00e9n\u00e9reuses donations,<\/span><\/span><\/p>\t\t\t\t\t\t\t\t<\/div>\n\t\t\t\t<\/div>\n\t\t\t\t<div class=\"elementor-element elementor-element-c54a7b1 elementor-widget elementor-widget-text-editor\" data-id=\"c54a7b1\" data-element_type=\"widget\" data-e-type=\"widget\" data-widget_type=\"text-editor.default\">\n\t\t\t\t<div class=\"elementor-widget-container\">\n\t\t\t\t\t\t\t\t\t<p><span class=\"TextRun SCXW266987811 BCX9\" lang=\"FR\" xml:lang=\"FR\" data-contrast=\"none\"><span class=\"NormalTextRun SCXW266987811 BCX9\">nous agissons ensemble pour promouvoir et soutenir le dialogue entre les communaut\u00e9s par le d\u00e9veloppement de la\u00a0:<\/span><\/span><span class=\"EOP SCXW266987811 BCX9\" data-ccp-props=\"{&quot;201341983&quot;:0,&quot;335559685&quot;:0,&quot;335559740&quot;:360}\">\u00a0<\/span><\/p><ul><li data-leveltext=\"\uf0b7\" data-font=\"Symbol\" data-listid=\"44\" data-list-defn-props=\"{&quot;335552541&quot;:1,&quot;335559683&quot;:0,&quot;335559684&quot;:-2,&quot;335559685&quot;:720,&quot;335559991&quot;:360,&quot;469769226&quot;:&quot;Symbol&quot;,&quot;469769242&quot;:[8226],&quot;469777803&quot;:&quot;left&quot;,&quot;469777804&quot;:&quot;\uf0b7&quot;,&quot;469777815&quot;:&quot;hybridMultilevel&quot;}\" aria-setsize=\"-1\" data-aria-posinset=\"1\" data-aria-level=\"1\"><span data-contrast=\"none\">recherche sur l\u2019\u00e9quit\u00e9, le rapprochement des communaut\u00e9s francophone avec celles autochtones, la pluralit\u00e9 linguistique, et l\u2019antiracisme\u00a0;<\/span><span data-ccp-props=\"{&quot;201341983&quot;:0,&quot;335559740&quot;:360}\">\u00a0<\/span><\/li><\/ul><ul><li data-leveltext=\"\uf0b7\" data-font=\"Symbol\" data-listid=\"44\" data-list-defn-props=\"{&quot;335552541&quot;:1,&quot;335559683&quot;:0,&quot;335559684&quot;:-2,&quot;335559685&quot;:720,&quot;335559991&quot;:360,&quot;469769226&quot;:&quot;Symbol&quot;,&quot;469769242&quot;:[8226],&quot;469777803&quot;:&quot;left&quot;,&quot;469777804&quot;:&quot;\uf0b7&quot;,&quot;469777815&quot;:&quot;hybridMultilevel&quot;}\" aria-setsize=\"-1\" data-aria-posinset=\"2\" data-aria-level=\"1\"><span data-contrast=\"none\">cr\u00e9ation d\u2019outils permettant la facilitation du rapprochement et du dialogue entre les communaut\u00e9s\u00a0;<\/span><span data-ccp-props=\"{&quot;201341983&quot;:0,&quot;335559740&quot;:360}\">\u00a0<\/span><\/li><\/ul><ul><li data-leveltext=\"\uf0b7\" data-font=\"Symbol\" data-listid=\"44\" data-list-defn-props=\"{&quot;335552541&quot;:1,&quot;335559683&quot;:0,&quot;335559684&quot;:-2,&quot;335559685&quot;:720,&quot;335559991&quot;:360,&quot;469769226&quot;:&quot;Symbol&quot;,&quot;469769242&quot;:[8226],&quot;469777803&quot;:&quot;left&quot;,&quot;469777804&quot;:&quot;\uf0b7&quot;,&quot;469777815&quot;:&quot;hybridMultilevel&quot;}\" aria-setsize=\"-1\" data-aria-posinset=\"3\" data-aria-level=\"1\"><span data-contrast=\"none\">formation pratique sur des approches diversifi\u00e9es et inclusives qui favorisent le dialogue et le rapprochement entre les communaut\u00e9s.<\/span><span data-ccp-props=\"{&quot;201341983&quot;:0,&quot;335559740&quot;:360}\">\u00a0<\/span><\/li><\/ul>\t\t\t\t\t\t\t\t<\/div>\n\t\t\t\t<\/div>\n\t\t\t\t\t<\/div>\n\t\t<\/div>\n\t\t\t\t<div class=\"elementor-column elementor-col-50 elementor-top-column elementor-element elementor-element-7184e9d\" data-id=\"7184e9d\" data-element_type=\"column\" data-e-type=\"column\" data-settings=\"{&quot;background_background&quot;:&quot;classic&quot;}\">\n\t\t\t<div class=\"elementor-widget-wrap elementor-element-populated\">\n\t\t\t\t\t\t<div class=\"elementor-element elementor-element-5f00379 elementor-view-default elementor-invisible elementor-widget elementor-widget-icon\" data-id=\"5f00379\" data-element_type=\"widget\" data-e-type=\"widget\" data-settings=\"{&quot;_animation&quot;:&quot;slideInDown&quot;}\" data-widget_type=\"icon.default\">\n\t\t\t\t<div class=\"elementor-widget-container\">\n\t\t\t\t\t\t\t<div class=\"elementor-icon-wrapper\">\n\t\t\t<div class=\"elementor-icon\">\n\t\t\t<i aria-hidden=\"true\" class=\"fas fa-unlock-alt\"><\/i>\t\t\t<\/div>\n\t\t<\/div>\n\t\t\t\t\t\t<\/div>\n\t\t\t\t<\/div>\n\t\t\t\t<div class=\"elementor-element elementor-element-334d5d8 elementor-widget elementor-widget-text-editor\" data-id=\"334d5d8\" data-element_type=\"widget\" data-e-type=\"widget\" data-widget_type=\"text-editor.default\">\n\t\t\t\t<div class=\"elementor-widget-container\">\n\t\t\t\t\t\t\t\t\t<p><span data-contrast=\"none\">Votre s\u00e9curit\u00e9&nbsp;<\/span><span data-contrast=\"none\" style=\"color: var( --e-global-color-5bb4cba ); font-family: var( --e-global-typography-d5b4fa7-font-family ), Sans-serif; font-size: var( --e-global-typography-d5b4fa7-font-size ); font-weight: var( --e-global-typography-d5b4fa7-font-weight ); letter-spacing: var( --e-global-typography-d5b4fa7-letter-spacing ); word-spacing: var( --e-global-typography-d5b4fa7-word-spacing );\">nous tient tout aussi \u00e0 c\u0153ur.<\/span><span data-ccp-props=\"{&quot;201341983&quot;:0,&quot;335559685&quot;:0,&quot;335559740&quot;:360}\" style=\"color: var( --e-global-color-5bb4cba ); font-family: var( --e-global-typography-d5b4fa7-font-family ), Sans-serif; font-size: var( --e-global-typography-d5b4fa7-font-size ); font-weight: var( --e-global-typography-d5b4fa7-font-weight ); letter-spacing: var( --e-global-typography-d5b4fa7-letter-spacing ); word-spacing: var( --e-global-typography-d5b4fa7-word-spacing );\">&nbsp;<\/span><\/p>\t\t\t\t\t\t\t\t<\/div>\n\t\t\t\t<\/div>\n\t\t\t\t<div class=\"elementor-element elementor-element-0d6052c elementor-widget elementor-widget-text-editor\" data-id=\"0d6052c\" data-element_type=\"widget\" data-e-type=\"widget\" data-widget_type=\"text-editor.default\">\n\t\t\t\t<div class=\"elementor-widget-container\">\n\t\t\t\t\t\t\t\t\t<p><span data-contrast=\"none\">C\u2019est pour cela que le R\u00e9seau dialogue a choisi de collaborer avec l\u2019organisme <strong>CanaDon<\/strong>, afin de s\u2019assurer que les donations soient g\u00e9r\u00e9es de fa\u00e7on s\u00e9curitaire et que <strong>nos donateurs re\u00e7oivent\u00a0<\/strong><\/span><b><span data-contrast=\"none\"><strong>leurs<\/strong> re\u00e7us d&rsquo;imp\u00f4ts le plus rapidement possible<\/span><\/b><b><span data-contrast=\"none\">.<\/span><\/b><span data-ccp-props=\"{&quot;201341983&quot;:0,&quot;335559685&quot;:0,&quot;335559740&quot;:360}\">\u00a0<\/span><\/p><p><span data-contrast=\"none\">Depuis 2000, CanaDon a facilit\u00e9 plus de 2 milliards de dollars en dons\u00a0\u00e0 des organismes de bienfaisance.<\/span><span data-ccp-props=\"{&quot;201341983&quot;:0,&quot;335559685&quot;:0,&quot;335559740&quot;:360}\">\u00a0<\/span><\/p>\t\t\t\t\t\t\t\t<\/div>\n\t\t\t\t<\/div>\n\t\t\t\t\t<\/div>\n\t\t<\/div>\n\t\t\t\t\t<\/div>\n\t\t<\/section>\n\t\t\t\t<section class=\"elementor-section elementor-top-section elementor-element elementor-element-27a15ae elementor-section-height-min-height elementor-section-items-top elementor-section-boxed elementor-section-height-default\" data-id=\"27a15ae\" data-element_type=\"section\" data-e-type=\"section\">\n\t\t\t\t\t\t<div class=\"elementor-container elementor-column-gap-default\">\n\t\t\t\t\t<div class=\"elementor-column elementor-col-100 elementor-top-column elementor-element elementor-element-9206620\" data-id=\"9206620\" data-element_type=\"column\" data-e-type=\"column\">\n\t\t\t<div class=\"elementor-widget-wrap elementor-element-populated\">\n\t\t\t\t\t\t<div class=\"elementor-element elementor-element-11bfd08 elementor-widget elementor-widget-text-editor\" data-id=\"11bfd08\" data-element_type=\"widget\" data-e-type=\"widget\" data-widget_type=\"text-editor.default\">\n\t\t\t\t<div class=\"elementor-widget-container\">\n\t\t\t\t\t\t\t\t\t<p>Pour en savoir plus sur le R\u00e9seau dialogue,<\/p><p>consultez la page <strong><a href=\"https:\/\/reseaudialogue.ca\/mission-valeurs\/\">R\u00e9seau<\/a> !<\/strong><\/p>\t\t\t\t\t\t\t\t<\/div>\n\t\t\t\t<\/div>\n\t\t\t\t\t<\/div>\n\t\t<\/div>\n\t\t\t\t\t<\/div>\n\t\t<\/section>\n\t\t\t\t<\/div>\n\t\t","protected":false},"excerpt":{"rendered":"<p>Pourquoi faire un don au R\u00e9seau dialogue ? En tant qu\u2019organisme de bienfaisance, nous croyons fortement aux valeurs de collaboration, de dialogue, de rapprochement et de diversit\u00e9.\u00a0 Je donne via CanaDon \u00c0 travers vos g\u00e9n\u00e9reuses donations, nous agissons ensemble pour promouvoir et soutenir le dialogue entre les communaut\u00e9s par le d\u00e9veloppement de la\u00a0:\u00a0 recherche sur [&hellip;]<\/p>\n","protected":false},"author":1,"featured_media":0,"parent":0,"menu_order":0,"comment_status":"closed","ping_status":"closed","template":"elementor_theme","meta":{"footnotes":""},"class_list":["post-69","page","type-page","status-publish","hentry"],"yoast_head":"<!-- This site is optimized with the Yoast SEO plugin v27.3 - https:\/\/yoast.com\/product\/yoast-seo-wordpress\/ -->\n<title>Don &#8212; R\u00e9seau dialogue<\/title>\n<meta name=\"description\" content=\"En faisant un don \u00e0 la Fondation dialogue, nous agissons pour promouvoir et soutenir le dialogue, la collaboration et rapprochement entre les communaut\u00e9s.\" \/>\n<meta name=\"robots\" content=\"index, follow, max-snippet:-1, max-image-preview:large, max-video-preview:-1\" \/>\n<link rel=\"canonical\" href=\"https:\/\/reseaudialogue.ca\/en\/don-fondation-dialogue-communaute\/\" \/>\n<meta property=\"og:locale\" content=\"en_US\" \/>\n<meta property=\"og:type\" content=\"article\" \/>\n<meta property=\"og:title\" content=\"Don &#8212; R\u00e9seau dialogue\" \/>\n<meta property=\"og:description\" content=\"En faisant un don \u00e0 la Fondation dialogue, nous agissons pour promouvoir et soutenir le dialogue, la collaboration et rapprochement entre les communaut\u00e9s.\" \/>\n<meta property=\"og:url\" content=\"https:\/\/reseaudialogue.ca\/en\/don-fondation-dialogue-communaute\/\" \/>\n<meta property=\"og:site_name\" content=\"R\u00e9seau dialogue\" \/>\n<meta property=\"article:modified_time\" content=\"2024-12-19T19:54:23+00:00\" \/>\n<meta name=\"twitter:card\" content=\"summary_large_image\" \/>\n<meta name=\"twitter:label1\" content=\"Est. reading time\" \/>\n\t<meta name=\"twitter:data1\" content=\"1 minute\" \/>\n<script type=\"application\/ld+json\" class=\"yoast-schema-graph\">{\"@context\":\"https:\\\/\\\/schema.org\",\"@graph\":[{\"@type\":\"WebPage\",\"@id\":\"https:\\\/\\\/reseaudialogue.ca\\\/don-fondation-dialogue-communaute\",\"url\":\"https:\\\/\\\/reseaudialogue.ca\\\/don-fondation-dialogue-communaute\",\"name\":\"Don &#8212; R\u00e9seau dialogue\",\"isPartOf\":{\"@id\":\"https:\\\/\\\/reseaudialogue.ca\\\/#website\"},\"datePublished\":\"2022-09-07T18:17:03+00:00\",\"dateModified\":\"2024-12-19T19:54:23+00:00\",\"description\":\"En faisant un don \u00e0 la Fondation dialogue, nous agissons pour promouvoir et soutenir le dialogue, la collaboration et rapprochement entre les communaut\u00e9s.\",\"breadcrumb\":{\"@id\":\"https:\\\/\\\/reseaudialogue.ca\\\/don-fondation-dialogue-communaute#breadcrumb\"},\"inLanguage\":\"en-CA\",\"potentialAction\":[{\"@type\":\"ReadAction\",\"target\":[\"https:\\\/\\\/reseaudialogue.ca\\\/don-fondation-dialogue-communaute\"]}]},{\"@type\":\"BreadcrumbList\",\"@id\":\"https:\\\/\\\/reseaudialogue.ca\\\/don-fondation-dialogue-communaute#breadcrumb\",\"itemListElement\":[{\"@type\":\"ListItem\",\"position\":1,\"name\":\"Accueil\",\"item\":\"https:\\\/\\\/reseaudialogue.ca\\\/\"},{\"@type\":\"ListItem\",\"position\":2,\"name\":\"Don\"}]},{\"@type\":\"WebSite\",\"@id\":\"https:\\\/\\\/reseaudialogue.ca\\\/#website\",\"url\":\"https:\\\/\\\/reseaudialogue.ca\\\/\",\"name\":\"R\u00e9seau dialogue\",\"description\":\"R\u00e9seau dialogue\",\"publisher\":{\"@id\":\"https:\\\/\\\/reseaudialogue.ca\\\/#organization\"},\"potentialAction\":[{\"@type\":\"SearchAction\",\"target\":{\"@type\":\"EntryPoint\",\"urlTemplate\":\"https:\\\/\\\/reseaudialogue.ca\\\/?s={search_term_string}\"},\"query-input\":{\"@type\":\"PropertyValueSpecification\",\"valueRequired\":true,\"valueName\":\"search_term_string\"}}],\"inLanguage\":\"en-CA\"},{\"@type\":\"Organization\",\"@id\":\"https:\\\/\\\/reseaudialogue.ca\\\/#organization\",\"name\":\"R\u00e9seau dialogue\",\"url\":\"https:\\\/\\\/reseaudialogue.ca\\\/\",\"logo\":{\"@type\":\"ImageObject\",\"inLanguage\":\"en-CA\",\"@id\":\"https:\\\/\\\/reseaudialogue.ca\\\/#\\\/schema\\\/logo\\\/image\\\/\",\"url\":\"https:\\\/\\\/reseaudialogue.ca\\\/wp-content\\\/uploads\\\/1dialogue-logo-full-color-cmyk.png\",\"contentUrl\":\"https:\\\/\\\/reseaudialogue.ca\\\/wp-content\\\/uploads\\\/1dialogue-logo-full-color-cmyk.png\",\"width\":707,\"height\":249,\"caption\":\"R\u00e9seau dialogue\"},\"image\":{\"@id\":\"https:\\\/\\\/reseaudialogue.ca\\\/#\\\/schema\\\/logo\\\/image\\\/\"}}]}<\/script>\n<!-- \/ Yoast SEO plugin. -->","yoast_head_json":{"title":"Don &#8212; R\u00e9seau dialogue","description":"En faisant un don \u00e0 la Fondation dialogue, nous agissons pour promouvoir et soutenir le dialogue, la collaboration et rapprochement entre les communaut\u00e9s.","robots":{"index":"index","follow":"follow","max-snippet":"max-snippet:-1","max-image-preview":"max-image-preview:large","max-video-preview":"max-video-preview:-1"},"canonical":"https:\/\/reseaudialogue.ca\/en\/don-fondation-dialogue-communaute\/","og_locale":"en_US","og_type":"article","og_title":"Don &#8212; R\u00e9seau dialogue","og_description":"En faisant un don \u00e0 la Fondation dialogue, nous agissons pour promouvoir et soutenir le dialogue, la collaboration et rapprochement entre les communaut\u00e9s.","og_url":"https:\/\/reseaudialogue.ca\/en\/don-fondation-dialogue-communaute\/","og_site_name":"R\u00e9seau dialogue","article_modified_time":"2024-12-19T19:54:23+00:00","twitter_card":"summary_large_image","twitter_misc":{"Est. reading time":"1 minute"},"schema":{"@context":"https:\/\/schema.org","@graph":[{"@type":"WebPage","@id":"https:\/\/reseaudialogue.ca\/don-fondation-dialogue-communaute","url":"https:\/\/reseaudialogue.ca\/don-fondation-dialogue-communaute","name":"Don &#8212; R\u00e9seau dialogue","isPartOf":{"@id":"https:\/\/reseaudialogue.ca\/#website"},"datePublished":"2022-09-07T18:17:03+00:00","dateModified":"2024-12-19T19:54:23+00:00","description":"En faisant un don \u00e0 la Fondation dialogue, nous agissons pour promouvoir et soutenir le dialogue, la collaboration et rapprochement entre les communaut\u00e9s.","breadcrumb":{"@id":"https:\/\/reseaudialogue.ca\/don-fondation-dialogue-communaute#breadcrumb"},"inLanguage":"en-CA","potentialAction":[{"@type":"ReadAction","target":["https:\/\/reseaudialogue.ca\/don-fondation-dialogue-communaute"]}]},{"@type":"BreadcrumbList","@id":"https:\/\/reseaudialogue.ca\/don-fondation-dialogue-communaute#breadcrumb","itemListElement":[{"@type":"ListItem","position":1,"name":"Accueil","item":"https:\/\/reseaudialogue.ca\/"},{"@type":"ListItem","position":2,"name":"Don"}]},{"@type":"WebSite","@id":"https:\/\/reseaudialogue.ca\/#website","url":"https:\/\/reseaudialogue.ca\/","name":"Dialogue Network","description":"Dialogue Network","publisher":{"@id":"https:\/\/reseaudialogue.ca\/#organization"},"potentialAction":[{"@type":"SearchAction","target":{"@type":"EntryPoint","urlTemplate":"https:\/\/reseaudialogue.ca\/?s={search_term_string}"},"query-input":{"@type":"PropertyValueSpecification","valueRequired":true,"valueName":"search_term_string"}}],"inLanguage":"en-CA"},{"@type":"Organization","@id":"https:\/\/reseaudialogue.ca\/#organization","name":"Dialogue Network","url":"https:\/\/reseaudialogue.ca\/","logo":{"@type":"ImageObject","inLanguage":"en-CA","@id":"https:\/\/reseaudialogue.ca\/#\/schema\/logo\/image\/","url":"https:\/\/reseaudialogue.ca\/wp-content\/uploads\/1dialogue-logo-full-color-cmyk.png","contentUrl":"https:\/\/reseaudialogue.ca\/wp-content\/uploads\/1dialogue-logo-full-color-cmyk.png","width":707,"height":249,"caption":"R\u00e9seau dialogue"},"image":{"@id":"https:\/\/reseaudialogue.ca\/#\/schema\/logo\/image\/"}}]}},"_links":{"self":[{"href":"https:\/\/reseaudialogue.ca\/en\/wp-json\/wp\/v2\/pages\/69","targetHints":{"allow":["GET"]}}],"collection":[{"href":"https:\/\/reseaudialogue.ca\/en\/wp-json\/wp\/v2\/pages"}],"about":[{"href":"https:\/\/reseaudialogue.ca\/en\/wp-json\/wp\/v2\/types\/page"}],"author":[{"embeddable":true,"href":"https:\/\/reseaudialogue.ca\/en\/wp-json\/wp\/v2\/users\/1"}],"replies":[{"embeddable":true,"href":"https:\/\/reseaudialogue.ca\/en\/wp-json\/wp\/v2\/comments?post=69"}],"version-history":[{"count":81,"href":"https:\/\/reseaudialogue.ca\/en\/wp-json\/wp\/v2\/pages\/69\/revisions"}],"predecessor-version":[{"id":9315,"href":"https:\/\/reseaudialogue.ca\/en\/wp-json\/wp\/v2\/pages\/69\/revisions\/9315"}],"wp:attachment":[{"href":"https:\/\/reseaudialogue.ca\/en\/wp-json\/wp\/v2\/media?parent=69"}],"curies":[{"name":"wp","href":"https:\/\/api.w.org\/{rel}","templated":true}]}}