{"id":7083,"date":"2023-01-30T15:25:32","date_gmt":"2023-01-30T20:25:32","guid":{"rendered":"https:\/\/reseaudialogue.ca\/?page_id=7083"},"modified":"2023-02-22T10:11:48","modified_gmt":"2023-02-22T15:11:48","slug":"connexion","status":"publish","type":"page","link":"https:\/\/reseaudialogue.ca\/en\/connexion","title":{"rendered":"Connexion"},"content":{"rendered":"<div data-elementor-type=\"wp-page\" data-elementor-id=\"7083\" class=\"elementor elementor-7083\" data-elementor-post-type=\"page\">\n\t\t\t\t\t\t<section class=\"elementor-section elementor-top-section elementor-element elementor-element-c5eb854 elementor-section-full_width elementor-section-height-min-height elementor-section-height-default elementor-section-items-middle\" data-id=\"c5eb854\" data-element_type=\"section\" data-e-type=\"section\">\n\t\t\t\t\t\t<div class=\"elementor-container elementor-column-gap-default\">\n\t\t\t\t\t<div class=\"elementor-column elementor-col-50 elementor-top-column elementor-element elementor-element-6e19c67\" data-id=\"6e19c67\" data-element_type=\"column\" data-e-type=\"column\" data-settings=\"{&quot;background_background&quot;:&quot;classic&quot;}\">\n\t\t\t<div class=\"elementor-widget-wrap elementor-element-populated\">\n\t\t\t\t\t\t<div class=\"elementor-element elementor-element-8d4924b elementor-invisible elementor-widget elementor-widget-image\" data-id=\"8d4924b\" data-element_type=\"widget\" data-e-type=\"widget\" data-settings=\"{&quot;motion_fx_motion_fx_mouse&quot;:&quot;yes&quot;,&quot;motion_fx_mouseTrack_effect&quot;:&quot;yes&quot;,&quot;motion_fx_mouseTrack_speed&quot;:{&quot;unit&quot;:&quot;px&quot;,&quot;size&quot;:0.6,&quot;sizes&quot;:[]},&quot;motion_fx_tilt_effect&quot;:&quot;yes&quot;,&quot;motion_fx_tilt_speed&quot;:{&quot;unit&quot;:&quot;px&quot;,&quot;size&quot;:2.5,&quot;sizes&quot;:[]},&quot;_animation&quot;:&quot;fadeInRight&quot;}\" data-widget_type=\"image.default\">\n\t\t\t\t<div class=\"elementor-widget-container\">\n\t\t\t\t\t\t\t\t\t\t\t\t\t\t\t<img fetchpriority=\"high\" decoding=\"async\" width=\"800\" height=\"800\" src=\"https:\/\/reseaudialogue.ca\/wp-content\/uploads\/Untitled_Artwork-23-e1661451138247-1200x1200.png\" class=\"attachment-large size-large wp-image-105\" alt=\"logo fondation dialogue\" srcset=\"https:\/\/reseaudialogue.ca\/wp-content\/uploads\/Untitled_Artwork-23-e1661451138247-1200x1200.png 1200w, https:\/\/reseaudialogue.ca\/wp-content\/uploads\/Untitled_Artwork-23-e1661451138247-600x600.png 600w, https:\/\/reseaudialogue.ca\/wp-content\/uploads\/Untitled_Artwork-23-e1661451138247-300x300.png 300w, https:\/\/reseaudialogue.ca\/wp-content\/uploads\/Untitled_Artwork-23-e1661451138247-768x768.png 768w, https:\/\/reseaudialogue.ca\/wp-content\/uploads\/Untitled_Artwork-23-e1661451138247-1536x1536.png 1536w, https:\/\/reseaudialogue.ca\/wp-content\/uploads\/Untitled_Artwork-23-e1661451138247-2048x2048.png 2048w\" sizes=\"(max-width: 800px) 100vw, 800px\" \/>\t\t\t\t\t\t\t\t\t\t\t\t\t\t\t<\/div>\n\t\t\t\t<\/div>\n\t\t\t\t\t<\/div>\n\t\t<\/div>\n\t\t\t\t<div class=\"elementor-column elementor-col-50 elementor-top-column elementor-element elementor-element-0332203\" data-id=\"0332203\" data-element_type=\"column\" data-e-type=\"column\">\n\t\t\t<div class=\"elementor-widget-wrap elementor-element-populated\">\n\t\t\t\t\t\t<div class=\"elementor-element elementor-element-e685e2c elementor-widget elementor-widget-heading\" data-id=\"e685e2c\" data-element_type=\"widget\" data-e-type=\"widget\" data-widget_type=\"heading.default\">\n\t\t\t\t<div class=\"elementor-widget-container\">\n\t\t\t\t\t<h3 class=\"elementor-heading-title elementor-size-default\">Connexion \u00e0 l'espace employ\u00e9<\/h3>\t\t\t\t<\/div>\n\t\t\t\t<\/div>\n\t\t\t\t<div class=\"elementor-element elementor-element-12ee1d9 elementor-button-align-start elementor-widget elementor-widget-login\" data-id=\"12ee1d9\" data-element_type=\"widget\" data-e-type=\"widget\" data-widget_type=\"login.default\">\n\t\t\t\t<div class=\"elementor-widget-container\">\n\t\t\t\t\t\t\t<form class=\"elementor-login elementor-form\" method=\"post\" action=\"https:\/\/reseaudialogue.ca\/wp-login.php\" aria-label=\"Login form\">\n\t\t\t<input type=\"hidden\" name=\"redirect_to\" value=\"https:\/\/reseaudialogue.ca\/espace-employe\">\n\t\t\t<div class=\"elementor-form-fields-wrapper\">\n\t\t\t\t<div class=\"elementor-field-type-text elementor-field-group elementor-column elementor-col-100 elementor-field-required\">\n\t\t\t\t\t<label for=\"user-12ee1d9\" class=\"elementor-field-label elementor-screen-only\"><\/label>\n\t\t\t\t\t<input size=\"1\" type=\"text\" name=\"log\" id=\"user-12ee1d9\" placeholder=\"\" class=\"elementor-field elementor-field-textual elementor-size-lg\">\n\t\t\t\t<\/div>\n\t\t\t\t<div class=\"elementor-field-type-text elementor-field-group elementor-column elementor-col-100 elementor-field-required\">\n\t\t\t\t\t<label for=\"password-12ee1d9\" class=\"elementor-field-label elementor-screen-only\"><\/label>\n\t\t\t\t\t<input size=\"1\" type=\"password\" name=\"pwd\" id=\"password-12ee1d9\" placeholder=\"\" class=\"elementor-field elementor-field-textual elementor-size-lg\">\n\t\t\t\t<\/div>\n\n\t\t\t\t\t\t\t\t\t<div class=\"elementor-field-type-checkbox elementor-field-group elementor-column elementor-col-100 elementor-remember-me\">\n\t\t\t\t\t\t<label for=\"elementor-login-remember-me\">\n\t\t\t\t\t\t\t<input type=\"checkbox\" id=\"elementor-login-remember-me\" name=\"rememberme\" value=\"forever\">\n\t\t\t\t\t\t\tRemember Me\t\t\t\t\t\t<\/label>\n\t\t\t\t\t<\/div>\n\t\t\t\t\n\t\t\t\t<div class=\"elementor-field-group elementor-column elementor-field-type-submit elementor-col-100\">\n\t\t\t\t\t<button type=\"submit\" class=\"elementor-size-md elementor-button\" name=\"wp-submit\">\n\t\t\t\t\t\t\t\t\t\t\t\t\t\t\t<span class=\"elementor-button-text\">Connexion<\/span>\n\t\t\t\t\t\t\t\t\t\t\t\t<\/button>\n\t\t\t\t<\/div>\n\n\t\t\t\t\t\t\t\t\t<div class=\"elementor-field-group elementor-column elementor-col-100\">\n\t\t\t\t\t\t\t\t\t\t\t\t\t\t\t\t\t\t\t\t<a class=\"elementor-lost-password\" href=\"https:\/\/reseaudialogue.ca\/wp-login.php?action=lostpassword&redirect_to=https%3A%2F%2Freseaudialogue.ca%2Fespace-employe\">\n\t\t\t\t\t\t\t\tLost your password?\t\t\t\t\t\t\t<\/a>\n\t\t\t\t\t\t\n\t\t\t\t\t\t\t\t\t\t\t<\/div>\n\t\t\t\t\t\t\t<\/div>\n\t\t<\/form>\n\t\t\t\t\t\t<\/div>\n\t\t\t\t<\/div>\n\t\t\t\t\t<\/div>\n\t\t<\/div>\n\t\t\t\t\t<\/div>\n\t\t<\/section>\n\t\t\t\t<\/div>","protected":false},"excerpt":{"rendered":"<p>Connexion \u00e0 l&rsquo;espace employ\u00e9<\/p>","protected":false},"author":1,"featured_media":0,"parent":0,"menu_order":0,"comment_status":"closed","ping_status":"closed","template":"elementor_theme","meta":{"footnotes":""},"class_list":["post-7083","page","type-page","status-publish","hentry"],"yoast_head":"<!-- This site is optimized with the Yoast SEO plugin v27.3 - https:\/\/yoast.com\/product\/yoast-seo-wordpress\/ -->\n<title>Connexion &#8212; R\u00e9seau dialogue<\/title>\n<meta name=\"robots\" content=\"index, follow, max-snippet:-1, max-image-preview:large, max-video-preview:-1\" \/>\n<link rel=\"canonical\" href=\"https:\/\/reseaudialogue.ca\/en\/connexion\/\" \/>\n<meta property=\"og:locale\" content=\"en_US\" \/>\n<meta property=\"og:type\" content=\"article\" \/>\n<meta property=\"og:title\" content=\"Connexion &#8212; R\u00e9seau dialogue\" \/>\n<meta property=\"og:description\" content=\"Connexion \u00e0 l&rsquo;espace employ\u00e9\" \/>\n<meta property=\"og:url\" content=\"https:\/\/reseaudialogue.ca\/en\/connexion\/\" \/>\n<meta property=\"og:site_name\" content=\"R\u00e9seau dialogue\" \/>\n<meta property=\"article:modified_time\" content=\"2023-02-22T15:11:48+00:00\" \/>\n<meta property=\"og:image\" content=\"https:\/\/reseaudialogue.ca\/wp-content\/uploads\/Untitled_Artwork-23-e1661451138247-1200x1200.png\" \/>\n<meta name=\"twitter:card\" content=\"summary_large_image\" \/>\n<meta name=\"twitter:label1\" content=\"Est. reading time\" \/>\n\t<meta name=\"twitter:data1\" content=\"1 minute\" \/>\n<script type=\"application\/ld+json\" class=\"yoast-schema-graph\">{\"@context\":\"https:\\\/\\\/schema.org\",\"@graph\":[{\"@type\":\"WebPage\",\"@id\":\"https:\\\/\\\/reseaudialogue.ca\\\/connexion\",\"url\":\"https:\\\/\\\/reseaudialogue.ca\\\/connexion\",\"name\":\"Connexion &#8212; R\u00e9seau dialogue\",\"isPartOf\":{\"@id\":\"https:\\\/\\\/reseaudialogue.ca\\\/#website\"},\"primaryImageOfPage\":{\"@id\":\"https:\\\/\\\/reseaudialogue.ca\\\/connexion#primaryimage\"},\"image\":{\"@id\":\"https:\\\/\\\/reseaudialogue.ca\\\/connexion#primaryimage\"},\"thumbnailUrl\":\"https:\\\/\\\/reseaudialogue.ca\\\/wp-content\\\/uploads\\\/Untitled_Artwork-23-e1661451138247-1200x1200.png\",\"datePublished\":\"2023-01-30T20:25:32+00:00\",\"dateModified\":\"2023-02-22T15:11:48+00:00\",\"breadcrumb\":{\"@id\":\"https:\\\/\\\/reseaudialogue.ca\\\/connexion#breadcrumb\"},\"inLanguage\":\"en-CA\",\"potentialAction\":[{\"@type\":\"ReadAction\",\"target\":[\"https:\\\/\\\/reseaudialogue.ca\\\/connexion\"]}]},{\"@type\":\"ImageObject\",\"inLanguage\":\"en-CA\",\"@id\":\"https:\\\/\\\/reseaudialogue.ca\\\/connexion#primaryimage\",\"url\":\"https:\\\/\\\/reseaudialogue.ca\\\/wp-content\\\/uploads\\\/Untitled_Artwork-23-e1661451138247-1200x1200.png\",\"contentUrl\":\"https:\\\/\\\/reseaudialogue.ca\\\/wp-content\\\/uploads\\\/Untitled_Artwork-23-e1661451138247-1200x1200.png\"},{\"@type\":\"BreadcrumbList\",\"@id\":\"https:\\\/\\\/reseaudialogue.ca\\\/connexion#breadcrumb\",\"itemListElement\":[{\"@type\":\"ListItem\",\"position\":1,\"name\":\"Accueil\",\"item\":\"https:\\\/\\\/reseaudialogue.ca\\\/\"},{\"@type\":\"ListItem\",\"position\":2,\"name\":\"Connexion\"}]},{\"@type\":\"WebSite\",\"@id\":\"https:\\\/\\\/reseaudialogue.ca\\\/#website\",\"url\":\"https:\\\/\\\/reseaudialogue.ca\\\/\",\"name\":\"R\u00e9seau dialogue\",\"description\":\"R\u00e9seau dialogue\",\"publisher\":{\"@id\":\"https:\\\/\\\/reseaudialogue.ca\\\/#organization\"},\"potentialAction\":[{\"@type\":\"SearchAction\",\"target\":{\"@type\":\"EntryPoint\",\"urlTemplate\":\"https:\\\/\\\/reseaudialogue.ca\\\/?s={search_term_string}\"},\"query-input\":{\"@type\":\"PropertyValueSpecification\",\"valueRequired\":true,\"valueName\":\"search_term_string\"}}],\"inLanguage\":\"en-CA\"},{\"@type\":\"Organization\",\"@id\":\"https:\\\/\\\/reseaudialogue.ca\\\/#organization\",\"name\":\"R\u00e9seau dialogue\",\"url\":\"https:\\\/\\\/reseaudialogue.ca\\\/\",\"logo\":{\"@type\":\"ImageObject\",\"inLanguage\":\"en-CA\",\"@id\":\"https:\\\/\\\/reseaudialogue.ca\\\/#\\\/schema\\\/logo\\\/image\\\/\",\"url\":\"https:\\\/\\\/reseaudialogue.ca\\\/wp-content\\\/uploads\\\/1dialogue-logo-full-color-cmyk.png\",\"contentUrl\":\"https:\\\/\\\/reseaudialogue.ca\\\/wp-content\\\/uploads\\\/1dialogue-logo-full-color-cmyk.png\",\"width\":707,\"height\":249,\"caption\":\"R\u00e9seau dialogue\"},\"image\":{\"@id\":\"https:\\\/\\\/reseaudialogue.ca\\\/#\\\/schema\\\/logo\\\/image\\\/\"}}]}<\/script>\n<!-- \/ Yoast SEO plugin. -->","yoast_head_json":{"title":"Connexion &#8212; R\u00e9seau dialogue","robots":{"index":"index","follow":"follow","max-snippet":"max-snippet:-1","max-image-preview":"max-image-preview:large","max-video-preview":"max-video-preview:-1"},"canonical":"https:\/\/reseaudialogue.ca\/en\/connexion\/","og_locale":"en_US","og_type":"article","og_title":"Connexion &#8212; R\u00e9seau dialogue","og_description":"Connexion \u00e0 l&rsquo;espace employ\u00e9","og_url":"https:\/\/reseaudialogue.ca\/en\/connexion\/","og_site_name":"R\u00e9seau dialogue","article_modified_time":"2023-02-22T15:11:48+00:00","og_image":[{"url":"https:\/\/reseaudialogue.ca\/wp-content\/uploads\/Untitled_Artwork-23-e1661451138247-1200x1200.png","type":"","width":"","height":""}],"twitter_card":"summary_large_image","twitter_misc":{"Est. reading time":"1 minute"},"schema":{"@context":"https:\/\/schema.org","@graph":[{"@type":"WebPage","@id":"https:\/\/reseaudialogue.ca\/connexion","url":"https:\/\/reseaudialogue.ca\/connexion","name":"Connexion &#8212; R\u00e9seau dialogue","isPartOf":{"@id":"https:\/\/reseaudialogue.ca\/#website"},"primaryImageOfPage":{"@id":"https:\/\/reseaudialogue.ca\/connexion#primaryimage"},"image":{"@id":"https:\/\/reseaudialogue.ca\/connexion#primaryimage"},"thumbnailUrl":"https:\/\/reseaudialogue.ca\/wp-content\/uploads\/Untitled_Artwork-23-e1661451138247-1200x1200.png","datePublished":"2023-01-30T20:25:32+00:00","dateModified":"2023-02-22T15:11:48+00:00","breadcrumb":{"@id":"https:\/\/reseaudialogue.ca\/connexion#breadcrumb"},"inLanguage":"en-CA","potentialAction":[{"@type":"ReadAction","target":["https:\/\/reseaudialogue.ca\/connexion"]}]},{"@type":"ImageObject","inLanguage":"en-CA","@id":"https:\/\/reseaudialogue.ca\/connexion#primaryimage","url":"https:\/\/reseaudialogue.ca\/wp-content\/uploads\/Untitled_Artwork-23-e1661451138247-1200x1200.png","contentUrl":"https:\/\/reseaudialogue.ca\/wp-content\/uploads\/Untitled_Artwork-23-e1661451138247-1200x1200.png"},{"@type":"BreadcrumbList","@id":"https:\/\/reseaudialogue.ca\/connexion#breadcrumb","itemListElement":[{"@type":"ListItem","position":1,"name":"Accueil","item":"https:\/\/reseaudialogue.ca\/"},{"@type":"ListItem","position":2,"name":"Connexion"}]},{"@type":"WebSite","@id":"https:\/\/reseaudialogue.ca\/#website","url":"https:\/\/reseaudialogue.ca\/","name":"Dialogue Network","description":"Dialogue Network","publisher":{"@id":"https:\/\/reseaudialogue.ca\/#organization"},"potentialAction":[{"@type":"SearchAction","target":{"@type":"EntryPoint","urlTemplate":"https:\/\/reseaudialogue.ca\/?s={search_term_string}"},"query-input":{"@type":"PropertyValueSpecification","valueRequired":true,"valueName":"search_term_string"}}],"inLanguage":"en-CA"},{"@type":"Organization","@id":"https:\/\/reseaudialogue.ca\/#organization","name":"Dialogue Network","url":"https:\/\/reseaudialogue.ca\/","logo":{"@type":"ImageObject","inLanguage":"en-CA","@id":"https:\/\/reseaudialogue.ca\/#\/schema\/logo\/image\/","url":"https:\/\/reseaudialogue.ca\/wp-content\/uploads\/1dialogue-logo-full-color-cmyk.png","contentUrl":"https:\/\/reseaudialogue.ca\/wp-content\/uploads\/1dialogue-logo-full-color-cmyk.png","width":707,"height":249,"caption":"R\u00e9seau dialogue"},"image":{"@id":"https:\/\/reseaudialogue.ca\/#\/schema\/logo\/image\/"}}]}},"_links":{"self":[{"href":"https:\/\/reseaudialogue.ca\/en\/wp-json\/wp\/v2\/pages\/7083","targetHints":{"allow":["GET"]}}],"collection":[{"href":"https:\/\/reseaudialogue.ca\/en\/wp-json\/wp\/v2\/pages"}],"about":[{"href":"https:\/\/reseaudialogue.ca\/en\/wp-json\/wp\/v2\/types\/page"}],"author":[{"embeddable":true,"href":"https:\/\/reseaudialogue.ca\/en\/wp-json\/wp\/v2\/users\/1"}],"replies":[{"embeddable":true,"href":"https:\/\/reseaudialogue.ca\/en\/wp-json\/wp\/v2\/comments?post=7083"}],"version-history":[{"count":9,"href":"https:\/\/reseaudialogue.ca\/en\/wp-json\/wp\/v2\/pages\/7083\/revisions"}],"predecessor-version":[{"id":7478,"href":"https:\/\/reseaudialogue.ca\/en\/wp-json\/wp\/v2\/pages\/7083\/revisions\/7478"}],"wp:attachment":[{"href":"https:\/\/reseaudialogue.ca\/en\/wp-json\/wp\/v2\/media?parent=7083"}],"curies":[{"name":"wp","href":"https:\/\/api.w.org\/{rel}","templated":true}]}}