{"id":74,"date":"2022-09-07T14:20:05","date_gmt":"2022-09-07T18:20:05","guid":{"rendered":"https:\/\/reseaudialogue.ca\/?page_id=74"},"modified":"2025-12-08T10:29:17","modified_gmt":"2025-12-08T15:29:17","slug":"coalition-des-langues-officielles","status":"publish","type":"page","link":"https:\/\/reseaudialogue.ca\/en\/coalition-des-langues-officielles","title":{"rendered":"Official Languages Coalition"},"content":{"rendered":"<div data-elementor-type=\"wp-page\" data-elementor-id=\"74\" class=\"elementor elementor-74\" data-elementor-post-type=\"page\">\n\t\t\t\t\t\t<section class=\"elementor-section elementor-top-section elementor-element elementor-element-132cbe70 elementor-section-full_width elementor-section-height-default elementor-section-height-default\" data-id=\"132cbe70\" data-element_type=\"section\" data-e-type=\"section\" data-settings=\"{&quot;background_background&quot;:&quot;classic&quot;}\">\n\t\t\t\t\t\t<div class=\"elementor-container elementor-column-gap-default\">\n\t\t\t\t\t<div class=\"elementor-column elementor-col-100 elementor-top-column elementor-element elementor-element-5b580b34\" data-id=\"5b580b34\" data-element_type=\"column\" data-e-type=\"column\">\n\t\t\t<div class=\"elementor-widget-wrap\">\n\t\t\t\t\t\t\t<\/div>\n\t\t<\/div>\n\t\t\t\t\t<\/div>\n\t\t<\/section>\n\t\t\t\t<section class=\"elementor-section elementor-top-section elementor-element elementor-element-29256940 elementor-section-height-min-height elementor-section-boxed elementor-section-height-default elementor-section-items-middle\" data-id=\"29256940\" data-element_type=\"section\" data-e-type=\"section\" data-settings=\"{&quot;background_background&quot;:&quot;classic&quot;}\">\n\t\t\t\t\t\t\t<div class=\"elementor-background-overlay\"><\/div>\n\t\t\t\t\t\t\t<div class=\"elementor-container elementor-column-gap-default\">\n\t\t\t\t\t<div class=\"elementor-column elementor-col-100 elementor-top-column elementor-element elementor-element-29027359\" data-id=\"29027359\" data-element_type=\"column\" data-e-type=\"column\">\n\t\t\t<div class=\"elementor-widget-wrap elementor-element-populated\">\n\t\t\t\t\t\t<div class=\"elementor-element elementor-element-50ad083 elementor-widget elementor-widget-image\" data-id=\"50ad083\" data-element_type=\"widget\" data-e-type=\"widget\" data-widget_type=\"image.default\">\n\t\t\t\t<div class=\"elementor-widget-container\">\n\t\t\t\t\t\t\t\t\t\t\t\t\t\t\t<img decoding=\"async\" width=\"248\" height=\"82\" src=\"https:\/\/reseaudialogue.ca\/wp-content\/uploads\/CFOL-Logo-FR-DarkGreen.png\" class=\"attachment-thumbnail size-thumbnail wp-image-10671\" alt=\"\" \/>\t\t\t\t\t\t\t\t\t\t\t\t\t\t\t<\/div>\n\t\t\t\t<\/div>\n\t\t\t\t\t<\/div>\n\t\t<\/div>\n\t\t\t\t\t<\/div>\n\t\t<\/section>\n\t\t\t\t<section class=\"elementor-section elementor-top-section elementor-element elementor-element-10d35b3c elementor-section-boxed elementor-section-height-default elementor-section-height-default\" data-id=\"10d35b3c\" data-element_type=\"section\" data-e-type=\"section\" data-settings=\"{&quot;background_background&quot;:&quot;classic&quot;,&quot;shape_divider_bottom&quot;:&quot;arrow&quot;,&quot;shape_divider_bottom_negative&quot;:&quot;yes&quot;}\">\n\t\t\t\t\t<div class=\"elementor-shape elementor-shape-bottom\" aria-hidden=\"true\" data-negative=\"true\">\n\t\t\t<svg xmlns=\"http:\/\/www.w3.org\/2000\/svg\" viewbox=\"0 0 700 10\" preserveaspectratio=\"none\">\n\t<path class=\"elementor-shape-fill\" d=\"M360 0L350 9.9 340 0 0 0 0 10 700 10 700 0\"\/>\n<\/svg>\t\t<\/div>\n\t\t\t\t\t<div class=\"elementor-container elementor-column-gap-default\">\n\t\t\t\t\t<div class=\"elementor-column elementor-col-100 elementor-top-column elementor-element elementor-element-3dddce5d\" data-id=\"3dddce5d\" data-element_type=\"column\" data-e-type=\"column\">\n\t\t\t<div class=\"elementor-widget-wrap elementor-element-populated\">\n\t\t\t\t\t\t<div class=\"elementor-element elementor-element-7089b29 elementor-widget elementor-widget-spacer\" data-id=\"7089b29\" data-element_type=\"widget\" data-e-type=\"widget\" data-widget_type=\"spacer.default\">\n\t\t\t\t<div class=\"elementor-widget-container\">\n\t\t\t\t\t\t\t<div class=\"elementor-spacer\">\n\t\t\t<div class=\"elementor-spacer-inner\"><\/div>\n\t\t<\/div>\n\t\t\t\t\t\t<\/div>\n\t\t\t\t<\/div>\n\t\t\t\t\t<\/div>\n\t\t<\/div>\n\t\t\t\t\t<\/div>\n\t\t<\/section>\n\t\t\t\t<section class=\"elementor-section elementor-top-section elementor-element elementor-element-7d4363c elementor-section-boxed elementor-section-height-default elementor-section-height-default\" data-id=\"7d4363c\" data-element_type=\"section\" data-e-type=\"section\">\n\t\t\t\t\t\t<div class=\"elementor-container elementor-column-gap-default\">\n\t\t\t\t\t<div class=\"elementor-column elementor-col-100 elementor-top-column elementor-element elementor-element-1829405\" data-id=\"1829405\" data-element_type=\"column\" data-e-type=\"column\">\n\t\t\t<div class=\"elementor-widget-wrap elementor-element-populated\">\n\t\t\t\t\t\t<div class=\"elementor-element elementor-element-c431648 elementor-widget-tablet_extra__width-initial elementor-widget elementor-widget-text-editor\" data-id=\"c431648\" data-element_type=\"widget\" data-e-type=\"widget\" data-widget_type=\"text-editor.default\">\n\t\t\t\t<div class=\"elementor-widget-container\">\n\t\t\t\t\t\t\t\t\t<p>Fond\u00e9 par\u00a0<span style=\"color: var( --e-global-color-5bb4cba ); font-family: var( --e-global-typography-d5b4fa7-font-family ), Sans-serif; font-size: var( --e-global-typography-d5b4fa7-font-size ); font-weight: var( --e-global-typography-d5b4fa7-font-weight );\">le R\u00e9seau dialogue,\u00a0<\/span><strong style=\"color: var( --e-global-color-5bb4cba ); font-family: var( --e-global-typography-d5b4fa7-font-family ), Sans-serif; font-size: var( --e-global-typography-d5b4fa7-font-size );\">Canadian Parents for French<\/strong><span style=\"color: var( --e-global-color-5bb4cba ); font-family: var( --e-global-typography-d5b4fa7-font-family ), Sans-serif; font-size: var( --e-global-typography-d5b4fa7-font-size ); font-weight: var( --e-global-typography-d5b4fa7-font-weight );\">\u00a0and\u00a0<\/span><strong style=\"color: var( --e-global-color-5bb4cba ); font-family: var( --e-global-typography-d5b4fa7-font-family ), Sans-serif; font-size: var( --e-global-typography-d5b4fa7-font-size );\"><a href=\"https:\/\/www.french-future.org\/fr\/\">French For the Future<\/a><\/strong><span style=\"color: var( --e-global-color-5bb4cba ); font-family: var( --e-global-typography-d5b4fa7-font-family ), Sans-serif; font-size: var( --e-global-typography-d5b4fa7-font-size ); font-weight: var( --e-global-typography-d5b4fa7-font-weight );\">, la Coalition rassemble des organismes dont la dualit\u00e9 linguistique est au coeur du mandat et des valeurs organisationnelles.<\/span><\/p>\t\t\t\t\t\t\t\t<\/div>\n\t\t\t\t<\/div>\n\t\t\t\t\t<\/div>\n\t\t<\/div>\n\t\t\t\t\t<\/div>\n\t\t<\/section>\n\t\t\t\t<section class=\"elementor-section elementor-top-section elementor-element elementor-element-1be767d3 elementor-section-height-min-height elementor-section-full_width elementor-section-items-top elementor-section-height-default\" data-id=\"1be767d3\" data-element_type=\"section\" data-e-type=\"section\">\n\t\t\t\t\t\t<div class=\"elementor-container elementor-column-gap-default\">\n\t\t\t\t\t<div class=\"elementor-column elementor-col-50 elementor-top-column elementor-element elementor-element-1ca9389\" data-id=\"1ca9389\" data-element_type=\"column\" data-e-type=\"column\">\n\t\t\t<div class=\"elementor-widget-wrap elementor-element-populated\">\n\t\t\t\t\t\t<div class=\"elementor-element elementor-element-e83fcd8 elementor-hidden-mobile_extra elementor-hidden-mobile elementor-widget-tablet_extra__width-initial elementor-widget elementor-widget-image\" data-id=\"e83fcd8\" data-element_type=\"widget\" data-e-type=\"widget\" data-widget_type=\"image.default\">\n\t\t\t\t<div class=\"elementor-widget-container\">\n\t\t\t\t\t\t\t\t\t\t\t\t\t\t\t<img fetchpriority=\"high\" decoding=\"async\" width=\"800\" height=\"1062\" src=\"https:\/\/reseaudialogue.ca\/wp-content\/uploads\/Personnage-Salut-904x1200.png\" class=\"attachment-large size-large wp-image-1891\" alt=\"\" srcset=\"https:\/\/reseaudialogue.ca\/wp-content\/uploads\/Personnage-Salut-904x1200.png 904w, https:\/\/reseaudialogue.ca\/wp-content\/uploads\/Personnage-Salut-452x600.png 452w, https:\/\/reseaudialogue.ca\/wp-content\/uploads\/Personnage-Salut-768x1020.png 768w, https:\/\/reseaudialogue.ca\/wp-content\/uploads\/Personnage-Salut-1157x1536.png 1157w, https:\/\/reseaudialogue.ca\/wp-content\/uploads\/Personnage-Salut-1542x2048.png 1542w, https:\/\/reseaudialogue.ca\/wp-content\/uploads\/Personnage-Salut.png 2042w\" sizes=\"(max-width: 800px) 100vw, 800px\" \/>\t\t\t\t\t\t\t\t\t\t\t\t\t\t\t<\/div>\n\t\t\t\t<\/div>\n\t\t\t\t\t<\/div>\n\t\t<\/div>\n\t\t\t\t<div class=\"elementor-column elementor-col-50 elementor-top-column elementor-element elementor-element-7a42f169\" data-id=\"7a42f169\" data-element_type=\"column\" data-e-type=\"column\">\n\t\t\t<div class=\"elementor-widget-wrap elementor-element-populated\">\n\t\t\t\t\t\t<div class=\"elementor-element elementor-element-6d3a4b92 elementor-widget elementor-widget-text-editor\" data-id=\"6d3a4b92\" data-element_type=\"widget\" data-e-type=\"widget\" data-widget_type=\"text-editor.default\">\n\t\t\t\t<div class=\"elementor-widget-container\">\n\t\t\t\t\t\t\t\t\t<div><p class=\"paragraph\"><span class=\"normaltextrun\"><span lang=\"FR-CA\">Il repr\u00e9sente une voix forte et unie, qui souligne l\u2019importance pour la majorit\u00e9 linguistique d\u2019apprendre et d\u2019appr\u00e9cier les cultures des minorit\u00e9s linguistiques au Canada.<\/span><\/span><span class=\"eop\"><span lang=\"FR-CA\">\u00a0<\/span><\/span><\/p><\/div><div><p class=\"paragraph\"><span class=\"normaltextrun\"><span lang=\"FR-CA\">Le R\u00e9seau veille \u00e9galement \u00e0 promouvoir les possibilit\u00e9s de cr\u00e9er des liens plus forts entre les Canadiens anglophones et francophones.<\/span><\/span><span class=\"eop\"><span lang=\"FR-CA\">\u00a0<\/span><\/span><\/p><\/div><div><p class=\"paragraph\"><span class=\"normaltextrun\"><span lang=\"FR-CA\">Des campagnes de sensibilisation sont cr\u00e9\u00e9es et partag\u00e9es durant toute l\u2019ann\u00e9e. Le R\u00e9seau participe \u00e9galement \u00e0 l\u2019organisation du webinaire de la Journ\u00e9e des langues officielles, coorganis\u00e9e par le Conseil du R\u00e9seau des champions des langues officielles.\u00a0<\/span><\/span><span class=\"eop\"><span lang=\"FR-CA\">\u00a0<\/span><\/span><\/p><\/div>\t\t\t\t\t\t\t\t<\/div>\n\t\t\t\t<\/div>\n\t\t\t\t<div class=\"elementor-element elementor-element-7afa02b elementor-widget elementor-widget-text-editor\" data-id=\"7afa02b\" data-element_type=\"widget\" data-e-type=\"widget\" data-widget_type=\"text-editor.default\">\n\t\t\t\t<div class=\"elementor-widget-container\">\n\t\t\t\t\t\t\t\t\t<p>Consultez le site <strong><a href=\"https:\/\/cfol-cplo.ca\/fr\/\">https:\/\/cfol-cplo.ca<\/a> <\/strong>pour plus de d\u00e9tails!\u00a0<\/p>\t\t\t\t\t\t\t\t<\/div>\n\t\t\t\t<\/div>\n\t\t\t\t\t<\/div>\n\t\t<\/div>\n\t\t\t\t\t<\/div>\n\t\t<\/section>\n\t\t\t\t<\/div>","protected":false},"excerpt":{"rendered":"<p>Fond\u00e9 par\u00a0le R\u00e9seau dialogue,\u00a0Canadian Parents for French\u00a0et\u00a0Fran\u00e7ais pour l\u2019Avenir, la Coalition rassemble des organismes dont la dualit\u00e9 linguistique est au coeur du mandat et des valeurs organisationnelles. Il repr\u00e9sente une voix forte et unie, qui souligne l\u2019importance pour la majorit\u00e9 linguistique d\u2019apprendre et d\u2019appr\u00e9cier les cultures des minorit\u00e9s linguistiques au Canada. Le R\u00e9seau veille \u00e9galement [&hellip;]<\/p>\n","protected":false},"author":1,"featured_media":0,"parent":0,"menu_order":0,"comment_status":"closed","ping_status":"closed","template":"elementor_theme","meta":{"footnotes":""},"class_list":["post-74","page","type-page","status-publish","hentry"],"yoast_head":"<!-- This site is optimized with the Yoast SEO plugin v27.3 - https:\/\/yoast.com\/product\/yoast-seo-wordpress\/ -->\n<title>Coalition des langues officielles &#8212; R\u00e9seau dialogue<\/title>\n<meta name=\"description\" content=\"La Coalition des langues officielles souligne la coexistence de deux grandes communaut\u00e9s linguistiques anglophones et francophones\" \/>\n<meta name=\"robots\" content=\"index, follow, max-snippet:-1, max-image-preview:large, max-video-preview:-1\" \/>\n<link rel=\"canonical\" href=\"https:\/\/reseaudialogue.ca\/en\/coalition-des-langues-officielles\/\" \/>\n<meta property=\"og:locale\" content=\"en_US\" \/>\n<meta property=\"og:type\" content=\"article\" \/>\n<meta property=\"og:title\" content=\"Coalition des langues officielles &#8212; R\u00e9seau dialogue\" \/>\n<meta property=\"og:description\" content=\"La Coalition des langues officielles souligne la coexistence de deux grandes communaut\u00e9s linguistiques anglophones et francophones\" \/>\n<meta property=\"og:url\" content=\"https:\/\/reseaudialogue.ca\/en\/coalition-des-langues-officielles\/\" \/>\n<meta property=\"og:site_name\" content=\"R\u00e9seau dialogue\" \/>\n<meta property=\"article:modified_time\" content=\"2025-12-08T15:29:17+00:00\" \/>\n<meta property=\"og:image\" content=\"http:\/\/reseaudialogue.ca\/wp-content\/uploads\/CFOL-Logo-FR-DarkGreen.png\" \/>\n<meta name=\"twitter:card\" content=\"summary_large_image\" \/>\n<meta name=\"twitter:label1\" content=\"Est. reading time\" \/>\n\t<meta name=\"twitter:data1\" content=\"2 minutes\" \/>\n<script type=\"application\/ld+json\" class=\"yoast-schema-graph\">{\"@context\":\"https:\\\/\\\/schema.org\",\"@graph\":[{\"@type\":\"WebPage\",\"@id\":\"https:\\\/\\\/reseaudialogue.ca\\\/coalition-des-langues-officielles\",\"url\":\"https:\\\/\\\/reseaudialogue.ca\\\/coalition-des-langues-officielles\",\"name\":\"Coalition des langues officielles &#8212; R\u00e9seau dialogue\",\"isPartOf\":{\"@id\":\"https:\\\/\\\/reseaudialogue.ca\\\/#website\"},\"primaryImageOfPage\":{\"@id\":\"https:\\\/\\\/reseaudialogue.ca\\\/coalition-des-langues-officielles#primaryimage\"},\"image\":{\"@id\":\"https:\\\/\\\/reseaudialogue.ca\\\/coalition-des-langues-officielles#primaryimage\"},\"thumbnailUrl\":\"http:\\\/\\\/reseaudialogue.ca\\\/wp-content\\\/uploads\\\/CFOL-Logo-FR-DarkGreen.png\",\"datePublished\":\"2022-09-07T18:20:05+00:00\",\"dateModified\":\"2025-12-08T15:29:17+00:00\",\"description\":\"La Coalition des langues officielles souligne la coexistence de deux grandes communaut\u00e9s linguistiques anglophones et francophones\",\"breadcrumb\":{\"@id\":\"https:\\\/\\\/reseaudialogue.ca\\\/coalition-des-langues-officielles#breadcrumb\"},\"inLanguage\":\"en-CA\",\"potentialAction\":[{\"@type\":\"ReadAction\",\"target\":[\"https:\\\/\\\/reseaudialogue.ca\\\/coalition-des-langues-officielles\"]}]},{\"@type\":\"ImageObject\",\"inLanguage\":\"en-CA\",\"@id\":\"https:\\\/\\\/reseaudialogue.ca\\\/coalition-des-langues-officielles#primaryimage\",\"url\":\"http:\\\/\\\/reseaudialogue.ca\\\/wp-content\\\/uploads\\\/CFOL-Logo-FR-DarkGreen.png\",\"contentUrl\":\"http:\\\/\\\/reseaudialogue.ca\\\/wp-content\\\/uploads\\\/CFOL-Logo-FR-DarkGreen.png\"},{\"@type\":\"BreadcrumbList\",\"@id\":\"https:\\\/\\\/reseaudialogue.ca\\\/coalition-des-langues-officielles#breadcrumb\",\"itemListElement\":[{\"@type\":\"ListItem\",\"position\":1,\"name\":\"Accueil\",\"item\":\"https:\\\/\\\/reseaudialogue.ca\\\/\"},{\"@type\":\"ListItem\",\"position\":2,\"name\":\"Coalition des langues officielles\"}]},{\"@type\":\"WebSite\",\"@id\":\"https:\\\/\\\/reseaudialogue.ca\\\/#website\",\"url\":\"https:\\\/\\\/reseaudialogue.ca\\\/\",\"name\":\"R\u00e9seau dialogue\",\"description\":\"R\u00e9seau dialogue\",\"publisher\":{\"@id\":\"https:\\\/\\\/reseaudialogue.ca\\\/#organization\"},\"potentialAction\":[{\"@type\":\"SearchAction\",\"target\":{\"@type\":\"EntryPoint\",\"urlTemplate\":\"https:\\\/\\\/reseaudialogue.ca\\\/?s={search_term_string}\"},\"query-input\":{\"@type\":\"PropertyValueSpecification\",\"valueRequired\":true,\"valueName\":\"search_term_string\"}}],\"inLanguage\":\"en-CA\"},{\"@type\":\"Organization\",\"@id\":\"https:\\\/\\\/reseaudialogue.ca\\\/#organization\",\"name\":\"R\u00e9seau dialogue\",\"url\":\"https:\\\/\\\/reseaudialogue.ca\\\/\",\"logo\":{\"@type\":\"ImageObject\",\"inLanguage\":\"en-CA\",\"@id\":\"https:\\\/\\\/reseaudialogue.ca\\\/#\\\/schema\\\/logo\\\/image\\\/\",\"url\":\"https:\\\/\\\/reseaudialogue.ca\\\/wp-content\\\/uploads\\\/1dialogue-logo-full-color-cmyk.png\",\"contentUrl\":\"https:\\\/\\\/reseaudialogue.ca\\\/wp-content\\\/uploads\\\/1dialogue-logo-full-color-cmyk.png\",\"width\":707,\"height\":249,\"caption\":\"R\u00e9seau dialogue\"},\"image\":{\"@id\":\"https:\\\/\\\/reseaudialogue.ca\\\/#\\\/schema\\\/logo\\\/image\\\/\"}}]}<\/script>\n<!-- \/ Yoast SEO plugin. -->","yoast_head_json":{"title":"Coalition des langues officielles &#8212; R\u00e9seau dialogue","description":"La Coalition des langues officielles souligne la coexistence de deux grandes communaut\u00e9s linguistiques anglophones et francophones","robots":{"index":"index","follow":"follow","max-snippet":"max-snippet:-1","max-image-preview":"max-image-preview:large","max-video-preview":"max-video-preview:-1"},"canonical":"https:\/\/reseaudialogue.ca\/en\/coalition-des-langues-officielles\/","og_locale":"en_US","og_type":"article","og_title":"Coalition des langues officielles &#8212; R\u00e9seau dialogue","og_description":"La Coalition des langues officielles souligne la coexistence de deux grandes communaut\u00e9s linguistiques anglophones et francophones","og_url":"https:\/\/reseaudialogue.ca\/en\/coalition-des-langues-officielles\/","og_site_name":"R\u00e9seau dialogue","article_modified_time":"2025-12-08T15:29:17+00:00","og_image":[{"url":"http:\/\/reseaudialogue.ca\/wp-content\/uploads\/CFOL-Logo-FR-DarkGreen.png","type":"","width":"","height":""}],"twitter_card":"summary_large_image","twitter_misc":{"Est. reading time":"2 minutes"},"schema":{"@context":"https:\/\/schema.org","@graph":[{"@type":"WebPage","@id":"https:\/\/reseaudialogue.ca\/coalition-des-langues-officielles","url":"https:\/\/reseaudialogue.ca\/coalition-des-langues-officielles","name":"Coalition des langues officielles &#8212; R\u00e9seau dialogue","isPartOf":{"@id":"https:\/\/reseaudialogue.ca\/#website"},"primaryImageOfPage":{"@id":"https:\/\/reseaudialogue.ca\/coalition-des-langues-officielles#primaryimage"},"image":{"@id":"https:\/\/reseaudialogue.ca\/coalition-des-langues-officielles#primaryimage"},"thumbnailUrl":"http:\/\/reseaudialogue.ca\/wp-content\/uploads\/CFOL-Logo-FR-DarkGreen.png","datePublished":"2022-09-07T18:20:05+00:00","dateModified":"2025-12-08T15:29:17+00:00","description":"La Coalition des langues officielles souligne la coexistence de deux grandes communaut\u00e9s linguistiques anglophones et francophones","breadcrumb":{"@id":"https:\/\/reseaudialogue.ca\/coalition-des-langues-officielles#breadcrumb"},"inLanguage":"en-CA","potentialAction":[{"@type":"ReadAction","target":["https:\/\/reseaudialogue.ca\/coalition-des-langues-officielles"]}]},{"@type":"ImageObject","inLanguage":"en-CA","@id":"https:\/\/reseaudialogue.ca\/coalition-des-langues-officielles#primaryimage","url":"http:\/\/reseaudialogue.ca\/wp-content\/uploads\/CFOL-Logo-FR-DarkGreen.png","contentUrl":"http:\/\/reseaudialogue.ca\/wp-content\/uploads\/CFOL-Logo-FR-DarkGreen.png"},{"@type":"BreadcrumbList","@id":"https:\/\/reseaudialogue.ca\/coalition-des-langues-officielles#breadcrumb","itemListElement":[{"@type":"ListItem","position":1,"name":"Accueil","item":"https:\/\/reseaudialogue.ca\/"},{"@type":"ListItem","position":2,"name":"Coalition des langues officielles"}]},{"@type":"WebSite","@id":"https:\/\/reseaudialogue.ca\/#website","url":"https:\/\/reseaudialogue.ca\/","name":"Dialogue Network","description":"Dialogue Network","publisher":{"@id":"https:\/\/reseaudialogue.ca\/#organization"},"potentialAction":[{"@type":"SearchAction","target":{"@type":"EntryPoint","urlTemplate":"https:\/\/reseaudialogue.ca\/?s={search_term_string}"},"query-input":{"@type":"PropertyValueSpecification","valueRequired":true,"valueName":"search_term_string"}}],"inLanguage":"en-CA"},{"@type":"Organization","@id":"https:\/\/reseaudialogue.ca\/#organization","name":"Dialogue Network","url":"https:\/\/reseaudialogue.ca\/","logo":{"@type":"ImageObject","inLanguage":"en-CA","@id":"https:\/\/reseaudialogue.ca\/#\/schema\/logo\/image\/","url":"https:\/\/reseaudialogue.ca\/wp-content\/uploads\/1dialogue-logo-full-color-cmyk.png","contentUrl":"https:\/\/reseaudialogue.ca\/wp-content\/uploads\/1dialogue-logo-full-color-cmyk.png","width":707,"height":249,"caption":"R\u00e9seau dialogue"},"image":{"@id":"https:\/\/reseaudialogue.ca\/#\/schema\/logo\/image\/"}}]}},"_links":{"self":[{"href":"https:\/\/reseaudialogue.ca\/en\/wp-json\/wp\/v2\/pages\/74","targetHints":{"allow":["GET"]}}],"collection":[{"href":"https:\/\/reseaudialogue.ca\/en\/wp-json\/wp\/v2\/pages"}],"about":[{"href":"https:\/\/reseaudialogue.ca\/en\/wp-json\/wp\/v2\/types\/page"}],"author":[{"embeddable":true,"href":"https:\/\/reseaudialogue.ca\/en\/wp-json\/wp\/v2\/users\/1"}],"replies":[{"embeddable":true,"href":"https:\/\/reseaudialogue.ca\/en\/wp-json\/wp\/v2\/comments?post=74"}],"version-history":[{"count":10,"href":"https:\/\/reseaudialogue.ca\/en\/wp-json\/wp\/v2\/pages\/74\/revisions"}],"predecessor-version":[{"id":10689,"href":"https:\/\/reseaudialogue.ca\/en\/wp-json\/wp\/v2\/pages\/74\/revisions\/10689"}],"wp:attachment":[{"href":"https:\/\/reseaudialogue.ca\/en\/wp-json\/wp\/v2\/media?parent=74"}],"curies":[{"name":"wp","href":"https:\/\/api.w.org\/{rel}","templated":true}]}}