{"id":9982,"date":"2025-05-15T13:49:20","date_gmt":"2025-05-15T17:49:20","guid":{"rendered":"https:\/\/reseaudialogue.ca\/?page_id=9982"},"modified":"2026-03-16T10:25:03","modified_gmt":"2026-03-16T14:25:03","slug":"subventions-aux-organisations","status":"publish","type":"page","link":"https:\/\/reseaudialogue.ca\/en\/subventions-aux-organisations","title":{"rendered":"Grants to organizations"},"content":{"rendered":"<div data-elementor-type=\"wp-page\" data-elementor-id=\"9982\" class=\"elementor elementor-9982\" data-elementor-post-type=\"page\">\n\t\t\t\t<div class=\"elementor-element elementor-element-5cb1b2f3 e-con-full e-flex e-con e-parent\" data-id=\"5cb1b2f3\" data-element_type=\"container\" data-e-type=\"container\" data-settings=\"{&quot;background_background&quot;:&quot;classic&quot;,&quot;shape_divider_bottom&quot;:&quot;split&quot;}\">\n\t\t\t\t<div class=\"elementor-shape elementor-shape-bottom\" aria-hidden=\"true\" data-negative=\"false\">\n\t\t\t<svg xmlns=\"http:\/\/www.w3.org\/2000\/svg\" viewbox=\"0 0 1000 20\" preserveaspectratio=\"none\">\n\t<path class=\"elementor-shape-fill\" d=\"M0,0v3c0,0,393.8,0,483.4,0c9.2,0,16.6,7.4,16.6,16.6c0-9.1,7.4-16.6,16.6-16.6C606.2,3,1000,3,1000,3V0H0z\"\/>\n<\/svg>\t\t<\/div>\n\t\t\t\t<div class=\"elementor-element elementor-element-318be724 elementor-widget elementor-widget-heading\" data-id=\"318be724\" data-element_type=\"widget\" data-e-type=\"widget\" data-widget_type=\"heading.default\">\n\t\t\t\t<div class=\"elementor-widget-container\">\n\t\t\t\t\t<h2 class=\"elementor-heading-title elementor-size-default\">Grants to organizations<\/h2>\t\t\t\t<\/div>\n\t\t\t\t<\/div>\n\t\t\t\t<\/div>\n\t\t<div class=\"elementor-element elementor-element-8135f59 e-flex e-con-boxed e-con e-parent\" data-id=\"8135f59\" data-element_type=\"container\" data-e-type=\"container\" data-settings=\"{&quot;background_background&quot;:&quot;classic&quot;,&quot;shape_divider_top&quot;:&quot;split&quot;,&quot;shape_divider_bottom&quot;:&quot;split&quot;}\">\n\t\t\t\t\t<div class=\"e-con-inner\">\n\t\t\t\t<div class=\"elementor-shape elementor-shape-top\" aria-hidden=\"true\" data-negative=\"false\">\n\t\t\t<svg xmlns=\"http:\/\/www.w3.org\/2000\/svg\" viewbox=\"0 0 1000 20\" preserveaspectratio=\"none\">\n\t<path class=\"elementor-shape-fill\" d=\"M0,0v3c0,0,393.8,0,483.4,0c9.2,0,16.6,7.4,16.6,16.6c0-9.1,7.4-16.6,16.6-16.6C606.2,3,1000,3,1000,3V0H0z\"\/>\n<\/svg>\t\t<\/div>\n\t\t\t\t<div class=\"elementor-shape elementor-shape-bottom\" aria-hidden=\"true\" data-negative=\"false\">\n\t\t\t<svg xmlns=\"http:\/\/www.w3.org\/2000\/svg\" viewbox=\"0 0 1000 20\" preserveaspectratio=\"none\">\n\t<path class=\"elementor-shape-fill\" d=\"M0,0v3c0,0,393.8,0,483.4,0c9.2,0,16.6,7.4,16.6,16.6c0-9.1,7.4-16.6,16.6-16.6C606.2,3,1000,3,1000,3V0H0z\"\/>\n<\/svg>\t\t<\/div>\n\t\t\t\t<div class=\"elementor-element elementor-element-881727a elementor-widget elementor-widget-spacer\" data-id=\"881727a\" data-element_type=\"widget\" data-e-type=\"widget\" data-widget_type=\"spacer.default\">\n\t\t\t\t<div class=\"elementor-widget-container\">\n\t\t\t\t\t\t\t<div class=\"elementor-spacer\">\n\t\t\t<div class=\"elementor-spacer-inner\"><\/div>\n\t\t<\/div>\n\t\t\t\t\t\t<\/div>\n\t\t\t\t<\/div>\n\t\t\t\t<div class=\"elementor-element elementor-element-76bd0fb elementor-widget elementor-widget-heading\" data-id=\"76bd0fb\" data-element_type=\"widget\" data-e-type=\"widget\" data-widget_type=\"heading.default\">\n\t\t\t\t<div class=\"elementor-widget-container\">\n\t\t\t\t\t<h2 class=\"elementor-heading-title elementor-size-default\">ELIGIBLE ORGANIZATIONS<\/h2>\t\t\t\t<\/div>\n\t\t\t\t<\/div>\n\t\t\t\t<div class=\"elementor-element elementor-element-2deb175 elementor-widget elementor-widget-text-editor\" data-id=\"2deb175\" data-element_type=\"widget\" data-e-type=\"widget\" data-widget_type=\"text-editor.default\">\n\t\t\t\t<div class=\"elementor-widget-container\">\n\t\t\t\t\t\t\t\t\t<ul>\n<li>A nonprofit organization duly registered in Canada.<\/li>\n<\/ul>\n<p>Under the program, Canadian non-profit organizations duly incorporated under federal, provincial, or territorial laws are eligible to apply. All applicants must provide their incorporation number and their Canada Revenue Agency (CRA) business number when applying for funding.<\/p>\n<p>Or<\/p>\n<ul>\n<li>Band Councils<\/li>\n<\/ul>\n<p>And<\/p>\n<ul>\n<li>Have been legally in existence for at least three (3) years without interruption as of the date of the application, and have been conducting business since its registration.<\/li><\/ul>\t\t\t\t\t\t\t\t<\/div>\n\t\t\t\t<\/div>\n\t\t\t\t<div class=\"elementor-element elementor-element-028b541 elementor-widget elementor-widget-spacer\" data-id=\"028b541\" data-element_type=\"widget\" data-e-type=\"widget\" data-widget_type=\"spacer.default\">\n\t\t\t\t<div class=\"elementor-widget-container\">\n\t\t\t\t\t\t\t<div class=\"elementor-spacer\">\n\t\t\t<div class=\"elementor-spacer-inner\"><\/div>\n\t\t<\/div>\n\t\t\t\t\t\t<\/div>\n\t\t\t\t<\/div>\n\t\t\t\t\t<\/div>\n\t\t\t\t<\/div>\n\t\t<div class=\"elementor-element elementor-element-11efb12 e-flex e-con-boxed e-con e-parent\" data-id=\"11efb12\" data-element_type=\"container\" data-e-type=\"container\" data-settings=\"{&quot;background_background&quot;:&quot;classic&quot;}\">\n\t\t\t\t\t<div class=\"e-con-inner\">\n\t\t\t\t<div class=\"elementor-element elementor-element-ac1be71 elementor-widget elementor-widget-spacer\" data-id=\"ac1be71\" data-element_type=\"widget\" data-e-type=\"widget\" data-widget_type=\"spacer.default\">\n\t\t\t\t<div class=\"elementor-widget-container\">\n\t\t\t\t\t\t\t<div class=\"elementor-spacer\">\n\t\t\t<div class=\"elementor-spacer-inner\"><\/div>\n\t\t<\/div>\n\t\t\t\t\t\t<\/div>\n\t\t\t\t<\/div>\n\t\t\t\t<div class=\"elementor-element elementor-element-67c37d3 elementor-widget elementor-widget-heading\" data-id=\"67c37d3\" data-element_type=\"widget\" data-e-type=\"widget\" data-widget_type=\"heading.default\">\n\t\t\t\t<div class=\"elementor-widget-container\">\n\t\t\t\t\t<h2 class=\"elementor-heading-title elementor-size-default\">ELIGIBLE PROJECTS<\/h2>\t\t\t\t<\/div>\n\t\t\t\t<\/div>\n\t\t\t\t<div class=\"elementor-element elementor-element-742f0a0 elementor-widget elementor-widget-text-editor\" data-id=\"742f0a0\" data-element_type=\"widget\" data-e-type=\"widget\" data-widget_type=\"text-editor.default\">\n\t\t\t\t<div class=\"elementor-widget-container\">\n\t\t\t\t\t\t\t\t\t<p><strong>To be eligible for funding under the VIF Program \u2013 Organizational Grants component, your project must: \u200b<\/strong><\/p>\t\t\t\t\t\t\t\t<\/div>\n\t\t\t\t<\/div>\n\t\t\t\t<div class=\"elementor-element elementor-element-9d7c922 elementor-widget elementor-widget-text-editor\" data-id=\"9d7c922\" data-element_type=\"widget\" data-e-type=\"widget\" data-widget_type=\"text-editor.default\">\n\t\t\t\t<div class=\"elementor-widget-container\">\n\t\t\t\t\t\t\t\t\t<ul><li>Contribute to the program's objectives.<\/li><li>Target an audience of young people aged 14 to 30, or a subset of this group.<\/li><li>Take place entirely in Canada.<\/li><li>The program will be conducted primarily in person (at least 80% of the activities must be in person), although certain components may be conducted virtually before or after.<\/li><li>Be produced in French.<\/li><li>Young people must be directly involved and play an active role in the project (design, implementation, and evaluation).<\/li><\/ul>\t\t\t\t\t\t\t\t<\/div>\n\t\t\t\t<\/div>\n\t\t\t\t<div class=\"elementor-element elementor-element-7080d6f elementor-widget elementor-widget-spacer\" data-id=\"7080d6f\" data-element_type=\"widget\" data-e-type=\"widget\" data-widget_type=\"spacer.default\">\n\t\t\t\t<div class=\"elementor-widget-container\">\n\t\t\t\t\t\t\t<div class=\"elementor-spacer\">\n\t\t\t<div class=\"elementor-spacer-inner\"><\/div>\n\t\t<\/div>\n\t\t\t\t\t\t<\/div>\n\t\t\t\t<\/div>\n\t\t\t\t<div class=\"elementor-element elementor-element-7abf492 elementor-widget-divider--view-line elementor-widget elementor-widget-divider\" data-id=\"7abf492\" data-element_type=\"widget\" data-e-type=\"widget\" data-widget_type=\"divider.default\">\n\t\t\t\t<div class=\"elementor-widget-container\">\n\t\t\t\t\t\t\t<div class=\"elementor-divider\">\n\t\t\t<span class=\"elementor-divider-separator\">\n\t\t\t\t\t\t<\/span>\n\t\t<\/div>\n\t\t\t\t\t\t<\/div>\n\t\t\t\t<\/div>\n\t\t\t\t<div class=\"elementor-element elementor-element-af54979 elementor-widget elementor-widget-text-editor\" data-id=\"af54979\" data-element_type=\"widget\" data-e-type=\"widget\" data-widget_type=\"text-editor.default\">\n\t\t\t\t<div class=\"elementor-widget-container\">\n\t\t\t\t\t\t\t\t\t<h2><strong>The call for proposals for the year 2026\u20132027 is now closed.<\/strong><\/h2>\t\t\t\t\t\t\t\t<\/div>\n\t\t\t\t<\/div>\n\t\t\t\t\t<\/div>\n\t\t\t\t<\/div>\n\t\t<div class=\"elementor-element elementor-element-1aecf31 e-flex e-con-boxed e-con e-parent\" data-id=\"1aecf31\" data-element_type=\"container\" data-e-type=\"container\">\n\t\t\t\t\t<div class=\"e-con-inner\">\n\t\t\t\t<div class=\"elementor-element elementor-element-5edb20c elementor-widget elementor-widget-image\" data-id=\"5edb20c\" data-element_type=\"widget\" data-e-type=\"widget\" data-widget_type=\"image.default\">\n\t\t\t\t<div class=\"elementor-widget-container\">\n\t\t\t\t\t\t\t\t\t\t\t\t\t\t\t<img decoding=\"async\" src=\"https:\/\/reseaudialogue.ca\/wp-content\/uploads\/PVIF_Etoile_Colore.svg\" title=\"PVIF_E\u0301toile_Colore\u0301\" alt=\"PVIF_E\u0301toile_Colore\u0301\" loading=\"lazy\" \/>\t\t\t\t\t\t\t\t\t\t\t\t\t\t\t<\/div>\n\t\t\t\t<\/div>\n\t\t\t\t<div class=\"elementor-element elementor-element-6dd74ca elementor-widget elementor-widget-spacer\" data-id=\"6dd74ca\" data-element_type=\"widget\" data-e-type=\"widget\" data-widget_type=\"spacer.default\">\n\t\t\t\t<div class=\"elementor-widget-container\">\n\t\t\t\t\t\t\t<div class=\"elementor-spacer\">\n\t\t\t<div class=\"elementor-spacer-inner\"><\/div>\n\t\t<\/div>\n\t\t\t\t\t\t<\/div>\n\t\t\t\t<\/div>\n\t\t\t\t<div class=\"elementor-element elementor-element-21b1529 elementor-widget elementor-widget-heading\" data-id=\"21b1529\" data-element_type=\"widget\" data-e-type=\"widget\" data-widget_type=\"heading.default\">\n\t\t\t\t<div class=\"elementor-widget-container\">\n\t\t\t\t\t<h4 class=\"elementor-heading-title elementor-size-default\">Discover the projects that were funded by the VIF Program in 2026.<\/h4>\t\t\t\t<\/div>\n\t\t\t\t<\/div>\n\t\t\t\t<div class=\"elementor-element elementor-element-805a8ff elementor-align-center elementor-widget elementor-widget-button\" data-id=\"805a8ff\" data-element_type=\"widget\" data-e-type=\"widget\" data-widget_type=\"button.default\">\n\t\t\t\t<div class=\"elementor-widget-container\">\n\t\t\t\t\t\t\t\t\t<div class=\"elementor-button-wrapper\">\n\t\t\t\t\t<a class=\"elementor-button elementor-button-link elementor-size-sm\" href=\"https:\/\/reseaudialogue.ca\/en\/impact_vif\/\">\n\t\t\t\t\t\t<span class=\"elementor-button-content-wrapper\">\n\t\t\t\t\t\t\t\t\t<span class=\"elementor-button-text\">Click here<\/span>\n\t\t\t\t\t<\/span>\n\t\t\t\t\t<\/a>\n\t\t\t\t<\/div>\n\t\t\t\t\t\t\t\t<\/div>\n\t\t\t\t<\/div>\n\t\t\t\t<div class=\"elementor-element elementor-element-6de1090 elementor-widget elementor-widget-spacer\" data-id=\"6de1090\" data-element_type=\"widget\" data-e-type=\"widget\" data-widget_type=\"spacer.default\">\n\t\t\t\t<div class=\"elementor-widget-container\">\n\t\t\t\t\t\t\t<div class=\"elementor-spacer\">\n\t\t\t<div class=\"elementor-spacer-inner\"><\/div>\n\t\t<\/div>\n\t\t\t\t\t\t<\/div>\n\t\t\t\t<\/div>\n\t\t\t\t\t<\/div>\n\t\t\t\t<\/div>\n\t\t<div class=\"elementor-element elementor-element-425988a1 e-flex e-con-boxed e-con e-parent\" data-id=\"425988a1\" data-element_type=\"container\" data-e-type=\"container\" data-settings=\"{&quot;background_background&quot;:&quot;classic&quot;}\">\n\t\t\t\t\t<div class=\"e-con-inner\">\n\t\t<div class=\"elementor-element elementor-element-6e2b484f e-con-full e-flex e-con e-child\" data-id=\"6e2b484f\" data-element_type=\"container\" data-e-type=\"container\">\n\t\t\t\t<div class=\"elementor-element elementor-element-41ef9208 elementor-widget elementor-widget-heading\" data-id=\"41ef9208\" data-element_type=\"widget\" data-e-type=\"widget\" data-widget_type=\"heading.default\">\n\t\t\t\t<div class=\"elementor-widget-container\">\n\t\t\t\t\t<h2 class=\"elementor-heading-title elementor-size-default\"><br>HAVE ANY OTHER QUESTIONS?<\/h2>\t\t\t\t<\/div>\n\t\t\t\t<\/div>\n\t\t\t\t<div class=\"elementor-element elementor-element-6a716628 elementor-widget elementor-widget-text-editor\" data-id=\"6a716628\" data-element_type=\"widget\" data-e-type=\"widget\" data-widget_type=\"text-editor.default\">\n\t\t\t\t<div class=\"elementor-widget-container\">\n\t\t\t\t\t\t\t\t\t<p><br><\/p>\n<p><br><\/p>\n<p><br><\/p>\n<p><br><\/p>\n<p><br><\/p>\n<p><br><\/p>\n<p><br><\/p><p><br><\/p><p><br><\/p><p><br><\/p><p><br><\/p><p>Contact us!<\/p>\t\t\t\t\t\t\t\t<\/div>\n\t\t\t\t<\/div>\n\t\t\t\t<div class=\"elementor-element elementor-element-7874b223 elementor-widget-divider--view-line elementor-widget elementor-widget-divider\" data-id=\"7874b223\" data-element_type=\"widget\" data-e-type=\"widget\" data-widget_type=\"divider.default\">\n\t\t\t\t<div class=\"elementor-widget-container\">\n\t\t\t\t\t\t\t<div class=\"elementor-divider\">\n\t\t\t<span class=\"elementor-divider-separator\">\n\t\t\t\t\t\t<\/span>\n\t\t<\/div>\n\t\t\t\t\t\t<\/div>\n\t\t\t\t<\/div>\n\t\t\t\t<div class=\"elementor-element elementor-element-365378cd elementor-widget elementor-widget-heading\" data-id=\"365378cd\" data-element_type=\"widget\" data-e-type=\"widget\" data-widget_type=\"heading.default\">\n\t\t\t\t<div class=\"elementor-widget-container\">\n\t\t\t\t\t<h2 class=\"elementor-heading-title elementor-size-default\">Rosie Kasongo<\/h2>\t\t\t\t<\/div>\n\t\t\t\t<\/div>\n\t\t\t\t<div class=\"elementor-element elementor-element-5a44b48f elementor-widget-tablet_extra__width-initial elementor-widget elementor-widget-text-editor\" data-id=\"5a44b48f\" data-element_type=\"widget\" data-e-type=\"widget\" data-widget_type=\"text-editor.default\">\n\t\t\t\t<div class=\"elementor-widget-container\">\n\t\t\t\t\t\t\t\t\t<p><em>VIF Program Coordinator<\/em><\/p><p>r.kasongo@reseaudialogue.ca<\/p><p>613 241 6055 Post 4<\/p><p>\u00a0<\/p>\t\t\t\t\t\t\t\t<\/div>\n\t\t\t\t<\/div>\n\t\t\t\t<div class=\"elementor-element elementor-element-518205e elementor-widget elementor-widget-spacer\" data-id=\"518205e\" data-element_type=\"widget\" data-e-type=\"widget\" data-widget_type=\"spacer.default\">\n\t\t\t\t<div class=\"elementor-widget-container\">\n\t\t\t\t\t\t\t<div class=\"elementor-spacer\">\n\t\t\t<div class=\"elementor-spacer-inner\"><\/div>\n\t\t<\/div>\n\t\t\t\t\t\t<\/div>\n\t\t\t\t<\/div>\n\t\t\t\t<\/div>\n\t\t\t\t\t<\/div>\n\t\t\t\t<\/div>\n\t\t\t\t<\/div>","protected":false},"excerpt":{"rendered":"<p>Subventions aux organisations ORGANISMES ADMISSIBLES Un organisme sans but lucratif, dument enregistr\u00e9 au Canada. Dans le cadre du programme, ce sont les organismes canadiens sans but lucratif d\u00fbment constitu\u00e9s en vertu des lois f\u00e9d\u00e9rales ou provinciales et territoriales qui se qualifient comme demandeurs admissibles. Tous les demandeurs doivent fournir leur num\u00e9ro d\u2019incorporation ainsi que leur [&hellip;]<\/p>\n","protected":false},"author":12,"featured_media":0,"parent":0,"menu_order":0,"comment_status":"closed","ping_status":"closed","template":"","meta":{"footnotes":""},"class_list":["post-9982","page","type-page","status-publish","hentry"],"yoast_head":"<!-- This site is optimized with the Yoast SEO plugin v27.3 - https:\/\/yoast.com\/product\/yoast-seo-wordpress\/ -->\n<title>Subventions aux organisations &#8212; R\u00e9seau dialogue<\/title>\n<meta name=\"robots\" content=\"index, follow, max-snippet:-1, max-image-preview:large, max-video-preview:-1\" \/>\n<link rel=\"canonical\" href=\"https:\/\/reseaudialogue.ca\/en\/subventions-aux-organisations\/\" \/>\n<meta property=\"og:locale\" content=\"en_US\" \/>\n<meta property=\"og:type\" content=\"article\" \/>\n<meta property=\"og:title\" content=\"Subventions aux organisations &#8212; R\u00e9seau dialogue\" \/>\n<meta property=\"og:description\" content=\"Subventions aux organisations ORGANISMES ADMISSIBLES Un organisme sans but lucratif, dument enregistr\u00e9 au Canada. Dans le cadre du programme, ce sont les organismes canadiens sans but lucratif d\u00fbment constitu\u00e9s en vertu des lois f\u00e9d\u00e9rales ou provinciales et territoriales qui se qualifient comme demandeurs admissibles. Tous les demandeurs doivent fournir leur num\u00e9ro d\u2019incorporation ainsi que leur [&hellip;]\" \/>\n<meta property=\"og:url\" content=\"https:\/\/reseaudialogue.ca\/en\/subventions-aux-organisations\/\" \/>\n<meta property=\"og:site_name\" content=\"R\u00e9seau dialogue\" \/>\n<meta property=\"article:modified_time\" content=\"2026-03-16T14:25:03+00:00\" \/>\n<meta property=\"og:image\" content=\"http:\/\/reseaudialogue.ca\/wp-content\/uploads\/PVIF_Etoile_Colore.svg\" \/>\n<meta name=\"twitter:card\" content=\"summary_large_image\" \/>\n<meta name=\"twitter:label1\" content=\"Est. reading time\" \/>\n\t<meta name=\"twitter:data1\" content=\"2 minutes\" \/>\n<script type=\"application\/ld+json\" class=\"yoast-schema-graph\">{\"@context\":\"https:\\\/\\\/schema.org\",\"@graph\":[{\"@type\":\"WebPage\",\"@id\":\"https:\\\/\\\/reseaudialogue.ca\\\/subventions-aux-organisations\",\"url\":\"https:\\\/\\\/reseaudialogue.ca\\\/subventions-aux-organisations\",\"name\":\"Subventions aux organisations &#8212; R\u00e9seau dialogue\",\"isPartOf\":{\"@id\":\"https:\\\/\\\/reseaudialogue.ca\\\/#website\"},\"primaryImageOfPage\":{\"@id\":\"https:\\\/\\\/reseaudialogue.ca\\\/subventions-aux-organisations#primaryimage\"},\"image\":{\"@id\":\"https:\\\/\\\/reseaudialogue.ca\\\/subventions-aux-organisations#primaryimage\"},\"thumbnailUrl\":\"http:\\\/\\\/reseaudialogue.ca\\\/wp-content\\\/uploads\\\/PVIF_Etoile_Colore.svg\",\"datePublished\":\"2025-05-15T17:49:20+00:00\",\"dateModified\":\"2026-03-16T14:25:03+00:00\",\"breadcrumb\":{\"@id\":\"https:\\\/\\\/reseaudialogue.ca\\\/subventions-aux-organisations#breadcrumb\"},\"inLanguage\":\"en-CA\",\"potentialAction\":[{\"@type\":\"ReadAction\",\"target\":[\"https:\\\/\\\/reseaudialogue.ca\\\/subventions-aux-organisations\"]}]},{\"@type\":\"ImageObject\",\"inLanguage\":\"en-CA\",\"@id\":\"https:\\\/\\\/reseaudialogue.ca\\\/subventions-aux-organisations#primaryimage\",\"url\":\"http:\\\/\\\/reseaudialogue.ca\\\/wp-content\\\/uploads\\\/PVIF_Etoile_Colore.svg\",\"contentUrl\":\"http:\\\/\\\/reseaudialogue.ca\\\/wp-content\\\/uploads\\\/PVIF_Etoile_Colore.svg\"},{\"@type\":\"BreadcrumbList\",\"@id\":\"https:\\\/\\\/reseaudialogue.ca\\\/subventions-aux-organisations#breadcrumb\",\"itemListElement\":[{\"@type\":\"ListItem\",\"position\":1,\"name\":\"Accueil\",\"item\":\"https:\\\/\\\/reseaudialogue.ca\\\/\"},{\"@type\":\"ListItem\",\"position\":2,\"name\":\"Subventions aux organisations\"}]},{\"@type\":\"WebSite\",\"@id\":\"https:\\\/\\\/reseaudialogue.ca\\\/#website\",\"url\":\"https:\\\/\\\/reseaudialogue.ca\\\/\",\"name\":\"R\u00e9seau dialogue\",\"description\":\"R\u00e9seau dialogue\",\"publisher\":{\"@id\":\"https:\\\/\\\/reseaudialogue.ca\\\/#organization\"},\"potentialAction\":[{\"@type\":\"SearchAction\",\"target\":{\"@type\":\"EntryPoint\",\"urlTemplate\":\"https:\\\/\\\/reseaudialogue.ca\\\/?s={search_term_string}\"},\"query-input\":{\"@type\":\"PropertyValueSpecification\",\"valueRequired\":true,\"valueName\":\"search_term_string\"}}],\"inLanguage\":\"en-CA\"},{\"@type\":\"Organization\",\"@id\":\"https:\\\/\\\/reseaudialogue.ca\\\/#organization\",\"name\":\"R\u00e9seau dialogue\",\"url\":\"https:\\\/\\\/reseaudialogue.ca\\\/\",\"logo\":{\"@type\":\"ImageObject\",\"inLanguage\":\"en-CA\",\"@id\":\"https:\\\/\\\/reseaudialogue.ca\\\/#\\\/schema\\\/logo\\\/image\\\/\",\"url\":\"https:\\\/\\\/reseaudialogue.ca\\\/wp-content\\\/uploads\\\/1dialogue-logo-full-color-cmyk.png\",\"contentUrl\":\"https:\\\/\\\/reseaudialogue.ca\\\/wp-content\\\/uploads\\\/1dialogue-logo-full-color-cmyk.png\",\"width\":707,\"height\":249,\"caption\":\"R\u00e9seau dialogue\"},\"image\":{\"@id\":\"https:\\\/\\\/reseaudialogue.ca\\\/#\\\/schema\\\/logo\\\/image\\\/\"}}]}<\/script>\n<!-- \/ Yoast SEO plugin. -->","yoast_head_json":{"title":"Subventions aux organisations &#8212; R\u00e9seau dialogue","robots":{"index":"index","follow":"follow","max-snippet":"max-snippet:-1","max-image-preview":"max-image-preview:large","max-video-preview":"max-video-preview:-1"},"canonical":"https:\/\/reseaudialogue.ca\/en\/subventions-aux-organisations\/","og_locale":"en_US","og_type":"article","og_title":"Subventions aux organisations &#8212; R\u00e9seau dialogue","og_description":"Subventions aux organisations ORGANISMES ADMISSIBLES Un organisme sans but lucratif, dument enregistr\u00e9 au Canada. Dans le cadre du programme, ce sont les organismes canadiens sans but lucratif d\u00fbment constitu\u00e9s en vertu des lois f\u00e9d\u00e9rales ou provinciales et territoriales qui se qualifient comme demandeurs admissibles. Tous les demandeurs doivent fournir leur num\u00e9ro d\u2019incorporation ainsi que leur [&hellip;]","og_url":"https:\/\/reseaudialogue.ca\/en\/subventions-aux-organisations\/","og_site_name":"R\u00e9seau dialogue","article_modified_time":"2026-03-16T14:25:03+00:00","og_image":[{"url":"http:\/\/reseaudialogue.ca\/wp-content\/uploads\/PVIF_Etoile_Colore.svg","type":"","width":"","height":""}],"twitter_card":"summary_large_image","twitter_misc":{"Est. reading time":"2 minutes"},"schema":{"@context":"https:\/\/schema.org","@graph":[{"@type":"WebPage","@id":"https:\/\/reseaudialogue.ca\/subventions-aux-organisations","url":"https:\/\/reseaudialogue.ca\/subventions-aux-organisations","name":"Subventions aux organisations &#8212; R\u00e9seau dialogue","isPartOf":{"@id":"https:\/\/reseaudialogue.ca\/#website"},"primaryImageOfPage":{"@id":"https:\/\/reseaudialogue.ca\/subventions-aux-organisations#primaryimage"},"image":{"@id":"https:\/\/reseaudialogue.ca\/subventions-aux-organisations#primaryimage"},"thumbnailUrl":"http:\/\/reseaudialogue.ca\/wp-content\/uploads\/PVIF_Etoile_Colore.svg","datePublished":"2025-05-15T17:49:20+00:00","dateModified":"2026-03-16T14:25:03+00:00","breadcrumb":{"@id":"https:\/\/reseaudialogue.ca\/subventions-aux-organisations#breadcrumb"},"inLanguage":"en-CA","potentialAction":[{"@type":"ReadAction","target":["https:\/\/reseaudialogue.ca\/subventions-aux-organisations"]}]},{"@type":"ImageObject","inLanguage":"en-CA","@id":"https:\/\/reseaudialogue.ca\/subventions-aux-organisations#primaryimage","url":"http:\/\/reseaudialogue.ca\/wp-content\/uploads\/PVIF_Etoile_Colore.svg","contentUrl":"http:\/\/reseaudialogue.ca\/wp-content\/uploads\/PVIF_Etoile_Colore.svg"},{"@type":"BreadcrumbList","@id":"https:\/\/reseaudialogue.ca\/subventions-aux-organisations#breadcrumb","itemListElement":[{"@type":"ListItem","position":1,"name":"Accueil","item":"https:\/\/reseaudialogue.ca\/"},{"@type":"ListItem","position":2,"name":"Subventions aux organisations"}]},{"@type":"WebSite","@id":"https:\/\/reseaudialogue.ca\/#website","url":"https:\/\/reseaudialogue.ca\/","name":"Dialogue Network","description":"Dialogue Network","publisher":{"@id":"https:\/\/reseaudialogue.ca\/#organization"},"potentialAction":[{"@type":"SearchAction","target":{"@type":"EntryPoint","urlTemplate":"https:\/\/reseaudialogue.ca\/?s={search_term_string}"},"query-input":{"@type":"PropertyValueSpecification","valueRequired":true,"valueName":"search_term_string"}}],"inLanguage":"en-CA"},{"@type":"Organization","@id":"https:\/\/reseaudialogue.ca\/#organization","name":"Dialogue Network","url":"https:\/\/reseaudialogue.ca\/","logo":{"@type":"ImageObject","inLanguage":"en-CA","@id":"https:\/\/reseaudialogue.ca\/#\/schema\/logo\/image\/","url":"https:\/\/reseaudialogue.ca\/wp-content\/uploads\/1dialogue-logo-full-color-cmyk.png","contentUrl":"https:\/\/reseaudialogue.ca\/wp-content\/uploads\/1dialogue-logo-full-color-cmyk.png","width":707,"height":249,"caption":"R\u00e9seau dialogue"},"image":{"@id":"https:\/\/reseaudialogue.ca\/#\/schema\/logo\/image\/"}}]}},"_links":{"self":[{"href":"https:\/\/reseaudialogue.ca\/en\/wp-json\/wp\/v2\/pages\/9982","targetHints":{"allow":["GET"]}}],"collection":[{"href":"https:\/\/reseaudialogue.ca\/en\/wp-json\/wp\/v2\/pages"}],"about":[{"href":"https:\/\/reseaudialogue.ca\/en\/wp-json\/wp\/v2\/types\/page"}],"author":[{"embeddable":true,"href":"https:\/\/reseaudialogue.ca\/en\/wp-json\/wp\/v2\/users\/12"}],"replies":[{"embeddable":true,"href":"https:\/\/reseaudialogue.ca\/en\/wp-json\/wp\/v2\/comments?post=9982"}],"version-history":[{"count":10,"href":"https:\/\/reseaudialogue.ca\/en\/wp-json\/wp\/v2\/pages\/9982\/revisions"}],"predecessor-version":[{"id":10819,"href":"https:\/\/reseaudialogue.ca\/en\/wp-json\/wp\/v2\/pages\/9982\/revisions\/10819"}],"wp:attachment":[{"href":"https:\/\/reseaudialogue.ca\/en\/wp-json\/wp\/v2\/media?parent=9982"}],"curies":[{"name":"wp","href":"https:\/\/api.w.org\/{rel}","templated":true}]}}